{"id":4985,"date":"2021-06-28T16:39:01","date_gmt":"2021-06-28T16:39:01","guid":{"rendered":"https:\/\/www.cmbbe-symposium.com\/esbiomech2022\/?page_id=4985"},"modified":"2026-03-12T09:59:48","modified_gmt":"2026-03-12T09:59:48","slug":"allgemeines","status":"publish","type":"page","link":"https:\/\/biomechanik-kongress.de\/de\/allgemeines\/","title":{"rendered":"Allgemeines"},"content":{"rendered":"<div data-elementor-type=\"wp-page\" data-elementor-id=\"4985\" class=\"elementor elementor-4985\" data-elementor-post-type=\"page\">\n\t\t\t\t\t\t<section class=\"has_eae_slider elementor-section elementor-top-section elementor-element elementor-element-d22243d elementor-section-boxed elementor-section-height-default elementor-section-height-default\" data-id=\"d22243d\" data-element_type=\"section\">\n\t\t\t\t\t\t<div class=\"elementor-container elementor-column-gap-default\">\n\t\t\t\t\t<div class=\"has_eae_slider elementor-column elementor-col-50 elementor-top-column elementor-element elementor-element-51a8935\" data-id=\"51a8935\" data-element_type=\"column\">\n\t\t\t<div class=\"elementor-widget-wrap elementor-element-populated\">\n\t\t\t\t\t\t<div class=\"elementor-element elementor-element-50654b2 elementor-widget elementor-widget-image-gallery\" data-id=\"50654b2\" data-element_type=\"widget\" data-widget_type=\"image-gallery.default\">\n\t\t\t\t<div class=\"elementor-widget-container\">\n\t\t\t\t\t\t\t<div class=\"elementor-image-gallery\">\n\t\t\t<div id='gallery-1' class='gallery galleryid-4985 gallery-columns-1 gallery-size-large'><figure class='gallery-item'>\n\t\t\t<div class='gallery-icon landscape'>\n\t\t\t\t<a data-elementor-open-lightbox=\"yes\" data-elementor-lightbox-slideshow=\"50654b2\" data-elementor-lightbox-title=\"12\" data-e-action-hash=\"#elementor-action%3Aaction%3Dlightbox%26settings%3DeyJpZCI6MTA5MTUsInVybCI6Imh0dHBzOlwvXC9iaW9tZWNoYW5pay1rb25ncmVzcy5kZVwvd3AtY29udGVudFwvdXBsb2Fkc1wvc2l0ZXNcLzI2XC8yMDI1XC8wM1wvMTIucG5nIiwic2xpZGVzaG93IjoiNTA2NTRiMiJ9\" href='https:\/\/biomechanik-kongress.de\/wp-content\/uploads\/sites\/26\/2025\/03\/12.png'><img fetchpriority=\"high\" decoding=\"async\" width=\"1024\" height=\"401\" src=\"https:\/\/biomechanik-kongress.de\/wp-content\/uploads\/sites\/26\/2025\/03\/12-1024x401.png\" class=\"attachment-large size-large\" alt=\"\" srcset=\"https:\/\/biomechanik-kongress.de\/wp-content\/uploads\/sites\/26\/2025\/03\/12-1024x401.png 1024w, https:\/\/biomechanik-kongress.de\/wp-content\/uploads\/sites\/26\/2025\/03\/12-300x118.png 300w, https:\/\/biomechanik-kongress.de\/wp-content\/uploads\/sites\/26\/2025\/03\/12-1536x602.png 1536w, https:\/\/biomechanik-kongress.de\/wp-content\/uploads\/sites\/26\/2025\/03\/12-2048x803.png 2048w\" sizes=\"(max-width: 1024px) 100vw, 1024px\" \/><\/a>\n\t\t\t<\/div><\/figure><figure class='gallery-item'>\n\t\t\t<div class='gallery-icon landscape'>\n\t\t\t\t<a data-elementor-open-lightbox=\"yes\" data-elementor-lightbox-slideshow=\"50654b2\" data-elementor-lightbox-title=\"15\" data-e-action-hash=\"#elementor-action%3Aaction%3Dlightbox%26settings%3DeyJpZCI6MTA5MDcsInVybCI6Imh0dHBzOlwvXC9iaW9tZWNoYW5pay1rb25ncmVzcy5kZVwvd3AtY29udGVudFwvdXBsb2Fkc1wvc2l0ZXNcLzI2XC8yMDI1XC8wM1wvMTUucG5nIiwic2xpZGVzaG93IjoiNTA2NTRiMiJ9\" href='https:\/\/biomechanik-kongress.de\/wp-content\/uploads\/sites\/26\/2025\/03\/15.png'><img decoding=\"async\" width=\"1024\" height=\"401\" src=\"https:\/\/biomechanik-kongress.de\/wp-content\/uploads\/sites\/26\/2025\/03\/15-1024x401.png\" class=\"attachment-large size-large\" alt=\"\" srcset=\"https:\/\/biomechanik-kongress.de\/wp-content\/uploads\/sites\/26\/2025\/03\/15-1024x401.png 1024w, https:\/\/biomechanik-kongress.de\/wp-content\/uploads\/sites\/26\/2025\/03\/15-300x118.png 300w, https:\/\/biomechanik-kongress.de\/wp-content\/uploads\/sites\/26\/2025\/03\/15-1536x602.png 1536w, https:\/\/biomechanik-kongress.de\/wp-content\/uploads\/sites\/26\/2025\/03\/15-2048x803.png 2048w\" sizes=\"(max-width: 1024px) 100vw, 1024px\" \/><\/a>\n\t\t\t<\/div><\/figure>\n\t\t<\/div>\n\t\t<\/div>\n\t\t\t\t\t\t<\/div>\n\t\t\t\t<\/div>\n\t\t\t\t\t<\/div>\n\t\t<\/div>\n\t\t\t\t<div class=\"has_eae_slider elementor-column elementor-col-50 elementor-top-column elementor-element elementor-element-8088d41\" data-id=\"8088d41\" data-element_type=\"column\">\n\t\t\t<div class=\"elementor-widget-wrap elementor-element-populated\">\n\t\t\t\t\t\t<div class=\"elementor-element elementor-element-ec7c22b elementor-invisible elementor-widget elementor-widget-heading\" data-id=\"ec7c22b\" data-element_type=\"widget\" data-settings=\"{&quot;_animation&quot;:&quot;slideInRight&quot;}\" data-widget_type=\"heading.default\">\n\t\t\t\t<div class=\"elementor-widget-container\">\n\t\t\t\t\t<h3 class=\"elementor-heading-title elementor-size-default\">Veranstaltungsort<\/h3>\t\t\t\t<\/div>\n\t\t\t\t<\/div>\n\t\t\t\t<div class=\"elementor-element elementor-element-e616a9a elementor-widget elementor-widget-text-editor\" data-id=\"e616a9a\" data-element_type=\"widget\" data-settings=\"{&quot;_animation&quot;:&quot;none&quot;}\" data-widget_type=\"text-editor.default\">\n\t\t\t\t<div class=\"elementor-widget-container\">\n\t\t\t\t\t\t\t\t\t<h6>Hamburg ist eine weltoffene, lebendige Hansestadt im Norden Deutschlands, bekannt f\u00fcr einen der gr\u00f6\u00dften Seeh\u00e4fen Europas und einem pulsierenden Zentrum f\u00fcr Konferenzen, Messen und Gesch\u00e4ftsveranstaltungen. Die zweitgr\u00f6\u00dfte Stadt des Landes zeichnet sich durch ihre moderne Infrastruktur, ihre internationalen Verbindungen und den malerischen Blick auf die Elbe aus. Besonders hervorzuheben sind die Speicherstadt, das gr\u00f6\u00dfte zusammenh\u00e4ngende Lagerhausviertel der Welt, und die Elbphilharmonie, ein architektonisches Wahrzeichen und Konzertsaal mit innovativem Design und einzigartiger Akkustik.<\/h6>\n<h6>Die TU Hamburg ist eine renommierte Forschungsuniversit\u00e4t, die f\u00fcr ihre Schwerpunkte in den Ingenieurs- und Naturwissenschaften sowie f\u00fcr ihre interdisziplin\u00e4re Forschung und Innovation bekannt ist. Die Gr\u00fcndungsprinzipien der TUHH sind einzigartig in Deutschland: Forschungsschwerpunkt, Interdisziplinarit\u00e4t, Innovation, Regionalit\u00e4t sowie Internationalit\u00e4t sind verbindliche Grundlagen f\u00fcr ihr Handeln. Der Leitgedanke von Forschung, Lehre und  Technologietransfer ist es, Technik f\u00fcr den Menschen zu entwickeln.<\/h6>\t\t\t\t\t\t\t\t<\/div>\n\t\t\t\t<\/div>\n\t\t\t\t\t<\/div>\n\t\t<\/div>\n\t\t\t\t\t<\/div>\n\t\t<\/section>\n\t\t\t\t<section class=\"has_eae_slider elementor-section elementor-top-section elementor-element elementor-element-99d2d4e elementor-section-boxed elementor-section-height-default elementor-section-height-default\" data-id=\"99d2d4e\" data-element_type=\"section\">\n\t\t\t\t\t\t<div class=\"elementor-container elementor-column-gap-default\">\n\t\t\t\t\t<div class=\"has_eae_slider elementor-column elementor-col-100 elementor-top-column elementor-element elementor-element-f66c9ca\" data-id=\"f66c9ca\" data-element_type=\"column\">\n\t\t\t<div class=\"elementor-widget-wrap elementor-element-populated\">\n\t\t\t\t\t\t<div class=\"elementor-element elementor-element-e4dd913 elementor-widget-divider--view-line elementor-widget elementor-widget-divider\" data-id=\"e4dd913\" data-element_type=\"widget\" data-widget_type=\"divider.default\">\n\t\t\t\t<div class=\"elementor-widget-container\">\n\t\t\t\t\t\t\t<div class=\"elementor-divider\">\n\t\t\t<span class=\"elementor-divider-separator\">\n\t\t\t\t\t\t<\/span>\n\t\t<\/div>\n\t\t\t\t\t\t<\/div>\n\t\t\t\t<\/div>\n\t\t\t\t\t<\/div>\n\t\t<\/div>\n\t\t\t\t\t<\/div>\n\t\t<\/section>\n\t\t\t\t<section class=\"has_eae_slider elementor-section elementor-top-section elementor-element elementor-element-ea4882b elementor-section-boxed elementor-section-height-default elementor-section-height-default\" data-id=\"ea4882b\" data-element_type=\"section\">\n\t\t\t\t\t\t<div class=\"elementor-container elementor-column-gap-default\">\n\t\t\t\t\t<div class=\"has_eae_slider elementor-column elementor-col-50 elementor-top-column elementor-element elementor-element-21b5ab7\" data-id=\"21b5ab7\" data-element_type=\"column\">\n\t\t\t<div class=\"elementor-widget-wrap elementor-element-populated\">\n\t\t\t\t\t\t<div class=\"elementor-element elementor-element-4bb893a elementor-invisible elementor-widget elementor-widget-heading\" data-id=\"4bb893a\" data-element_type=\"widget\" data-settings=\"{&quot;_animation&quot;:&quot;slideInLeft&quot;}\" data-widget_type=\"heading.default\">\n\t\t\t\t<div class=\"elementor-widget-container\">\n\t\t\t\t\t<h3 class=\"elementor-heading-title elementor-size-default\">DGfB 2026 Gastgeber<\/h3>\t\t\t\t<\/div>\n\t\t\t\t<\/div>\n\t\t\t\t<div class=\"elementor-element elementor-element-0589656 elementor-widget__width-initial elementor-invisible elementor-widget elementor-widget-text-editor\" data-id=\"0589656\" data-element_type=\"widget\" data-settings=\"{&quot;_animation&quot;:&quot;slideInLeft&quot;}\" data-widget_type=\"text-editor.default\">\n\t\t\t\t<div class=\"elementor-widget-container\">\n\t\t\t\t\t\t\t\t\t<h6>Technische Universit\u00e4t Hamburg (TUHH)<br \/>Am Schwarzenberg-Campus 5, Building H<br \/>21073 Hamburg<br \/>Deutschland<\/h6>\t\t\t\t\t\t\t\t<\/div>\n\t\t\t\t<\/div>\n\t\t\t\t\t<\/div>\n\t\t<\/div>\n\t\t\t\t<div class=\"has_eae_slider elementor-column elementor-col-50 elementor-top-column elementor-element elementor-element-9170b3f\" data-id=\"9170b3f\" data-element_type=\"column\">\n\t\t\t<div class=\"elementor-widget-wrap elementor-element-populated\">\n\t\t\t\t\t\t<div class=\"elementor-element elementor-element-6b52d2f elementor-widget elementor-widget-spacer\" data-id=\"6b52d2f\" data-element_type=\"widget\" data-widget_type=\"spacer.default\">\n\t\t\t\t<div class=\"elementor-widget-container\">\n\t\t\t\t\t\t\t<div class=\"elementor-spacer\">\n\t\t\t<div class=\"elementor-spacer-inner\"><\/div>\n\t\t<\/div>\n\t\t\t\t\t\t<\/div>\n\t\t\t\t<\/div>\n\t\t\t\t<div class=\"elementor-element elementor-element-c460af2 elementor-widget__width-initial elementor-arrows-position-inside elementor-pagination-position-outside elementor-widget elementor-widget-image-carousel\" data-id=\"c460af2\" data-element_type=\"widget\" data-settings=\"{&quot;navigation&quot;:&quot;both&quot;,&quot;autoplay&quot;:&quot;yes&quot;,&quot;pause_on_hover&quot;:&quot;yes&quot;,&quot;pause_on_interaction&quot;:&quot;yes&quot;,&quot;autoplay_speed&quot;:5000,&quot;infinite&quot;:&quot;yes&quot;,&quot;speed&quot;:500}\" data-widget_type=\"image-carousel.default\">\n\t\t\t\t<div class=\"elementor-widget-container\">\n\t\t\t\t\t\t\t<div class=\"elementor-image-carousel-wrapper swiper\" role=\"region\" aria-roledescription=\"carousel\" aria-label=\"Image Carousel\" dir=\"ltr\">\n\t\t\t<div class=\"elementor-image-carousel swiper-wrapper\" aria-live=\"off\">\n\t\t\t\t\t\t\t\t<div class=\"swiper-slide\" role=\"group\" aria-roledescription=\"slide\" aria-label=\"1 von 5\"><figure class=\"swiper-slide-inner\"><img decoding=\"async\" class=\"swiper-slide-image\" src=\"https:\/\/biomechanik-kongress.de\/wp-content\/uploads\/sites\/26\/2025\/03\/hauptgebaeude_tuhh_2-1024x708.jpg\" alt=\"TUHH, Hauptgeb\u00e4ude\" \/><\/figure><\/div><div class=\"swiper-slide\" role=\"group\" aria-roledescription=\"slide\" aria-label=\"2 von 5\"><figure class=\"swiper-slide-inner\"><img decoding=\"async\" class=\"swiper-slide-image\" src=\"https:\/\/biomechanik-kongress.de\/wp-content\/uploads\/sites\/26\/2025\/03\/gebaeude_tuhh-1-1024x683.jpg\" alt=\"TUHH Campus\" \/><\/figure><\/div><div class=\"swiper-slide\" role=\"group\" aria-roledescription=\"slide\" aria-label=\"3 von 5\"><figure class=\"swiper-slide-inner\"><img decoding=\"async\" class=\"swiper-slide-image\" src=\"https:\/\/biomechanik-kongress.de\/wp-content\/uploads\/sites\/26\/2025\/03\/DSC_1895-1024x683.jpg\" alt=\"TUHH Geb\u00e4ude C\/D\" \/><\/figure><\/div><div class=\"swiper-slide\" role=\"group\" aria-roledescription=\"slide\" aria-label=\"4 von 5\"><figure class=\"swiper-slide-inner\"><img decoding=\"async\" class=\"swiper-slide-image\" src=\"https:\/\/biomechanik-kongress.de\/wp-content\/uploads\/sites\/26\/2025\/03\/DSC_1930-1-1024x683.jpg\" alt=\"TUHH\" \/><\/figure><\/div><div class=\"swiper-slide\" role=\"group\" aria-roledescription=\"slide\" aria-label=\"5 von 5\"><figure class=\"swiper-slide-inner\"><img decoding=\"async\" class=\"swiper-slide-image\" src=\"https:\/\/biomechanik-kongress.de\/wp-content\/uploads\/sites\/26\/2025\/03\/DSC_2035-1024x683.jpg\" alt=\"DSC_2035\" \/><\/figure><\/div>\t\t\t<\/div>\n\t\t\t\t\t\t\t\t\t\t\t\t<div class=\"elementor-swiper-button elementor-swiper-button-prev\" role=\"button\" tabindex=\"0\">\n\t\t\t\t\t\t<i aria-hidden=\"true\" class=\"eicon-chevron-left\"><\/i>\t\t\t\t\t<\/div>\n\t\t\t\t\t<div class=\"elementor-swiper-button elementor-swiper-button-next\" role=\"button\" tabindex=\"0\">\n\t\t\t\t\t\t<i aria-hidden=\"true\" class=\"eicon-chevron-right\"><\/i>\t\t\t\t\t<\/div>\n\t\t\t\t\n\t\t\t\t\t\t\t\t\t<div class=\"swiper-pagination\"><\/div>\n\t\t\t\t\t\t\t\t\t<\/div>\n\t\t\t\t\t\t<\/div>\n\t\t\t\t<\/div>\n\t\t\t\t\t<\/div>\n\t\t<\/div>\n\t\t\t\t\t<\/div>\n\t\t<\/section>\n\t\t\t\t<section class=\"has_eae_slider elementor-section elementor-top-section elementor-element elementor-element-1541121 elementor-section-boxed elementor-section-height-default elementor-section-height-default\" data-id=\"1541121\" data-element_type=\"section\">\n\t\t\t\t\t\t<div class=\"elementor-container elementor-column-gap-default\">\n\t\t\t\t\t<div class=\"has_eae_slider elementor-column elementor-col-100 elementor-top-column elementor-element elementor-element-6959f59\" data-id=\"6959f59\" data-element_type=\"column\">\n\t\t\t<div class=\"elementor-widget-wrap elementor-element-populated\">\n\t\t\t\t\t\t<div class=\"elementor-element elementor-element-0cbbedd elementor-widget-divider--view-line elementor-widget elementor-widget-divider\" data-id=\"0cbbedd\" data-element_type=\"widget\" data-widget_type=\"divider.default\">\n\t\t\t\t<div class=\"elementor-widget-container\">\n\t\t\t\t\t\t\t<div class=\"elementor-divider\">\n\t\t\t<span class=\"elementor-divider-separator\">\n\t\t\t\t\t\t<\/span>\n\t\t<\/div>\n\t\t\t\t\t\t<\/div>\n\t\t\t\t<\/div>\n\t\t\t\t\t<\/div>\n\t\t<\/div>\n\t\t\t\t\t<\/div>\n\t\t<\/section>\n\t\t\t\t<section class=\"has_eae_slider elementor-section elementor-top-section elementor-element elementor-element-9a868bc elementor-section-boxed elementor-section-height-default elementor-section-height-default\" data-id=\"9a868bc\" data-element_type=\"section\">\n\t\t\t\t\t\t<div class=\"elementor-container elementor-column-gap-default\">\n\t\t\t\t\t<div class=\"has_eae_slider elementor-column elementor-col-50 elementor-top-column elementor-element elementor-element-73db82c\" data-id=\"73db82c\" data-element_type=\"column\">\n\t\t\t<div class=\"elementor-widget-wrap elementor-element-populated\">\n\t\t\t\t\t\t<div class=\"elementor-element elementor-element-cb85c64 elementor-invisible elementor-widget elementor-widget-heading\" data-id=\"cb85c64\" data-element_type=\"widget\" data-settings=\"{&quot;_animation&quot;:&quot;slideInLeft&quot;}\" data-widget_type=\"heading.default\">\n\t\t\t\t<div class=\"elementor-widget-container\">\n\t\t\t\t\t<h3 class=\"elementor-heading-title elementor-size-default\">Sie erreichen den Veranstaltungsort...<\/h3>\t\t\t\t<\/div>\n\t\t\t\t<\/div>\n\t\t\t\t<div class=\"elementor-element elementor-element-5a737dc elementor-widget__width-initial elementor-widget elementor-widget-text-editor\" data-id=\"5a737dc\" data-element_type=\"widget\" data-settings=\"{&quot;_animation&quot;:&quot;none&quot;}\" data-widget_type=\"text-editor.default\">\n\t\t\t\t<div class=\"elementor-widget-container\">\n\t\t\t\t\t\t\t\t\t<h6><strong>\u2026mit der S-Bahn:<\/strong>\u00a0S3, S5 Heimfeld (TU Hamburg)<br \/><strong>\u2026mit der Bahn:<\/strong> Hamburg-Harburg ist ICE- und EC-Bahnhof<br \/><strong>...mit dem Auto:<\/strong> \u00fcber die A1, A7, B75<br \/>Das Parken in den Garagen ist geb\u00fchrenpflichtig (von 06:00 - 20:00 Uhr). Folgende Tickets sind erh\u00e4ltlich:<br \/>30 Minuten (mit Ticket) sind kostenlos<br \/>Jede Stunde kostet 1,00 \u20ac<br \/>Tageskarten kosten 3,00 \u20ac<\/h6><h6><strong>Weitere Informationen zur Anreise finden Sie unter:\u00a0<br \/><\/strong><a href=\"https:\/\/reiseauskunft.bahn.de\/bin\/query.exe\/dn?protocol=https:\" target=\"_blank\" rel=\"noopener noreferrer\" data-htmlarea-external=\"1\">Fahrplanauskunft der Deutschen Bahn AG<\/a><br \/><a href=\"https:\/\/www.hvv.de\/\" target=\"_blank\" rel=\"noopener noreferrer\" data-htmlarea-external=\"1\">HVV-Fahrplanauskunft<\/a><br \/><a href=\"https:\/\/www.hamburg-airport.de\/\" target=\"_blank\" rel=\"noopener noreferrer\" data-htmlarea-external=\"1\">Flughafen Hamburg<\/a><\/h6>\t\t\t\t\t\t\t\t<\/div>\n\t\t\t\t<\/div>\n\t\t\t\t\t<\/div>\n\t\t<\/div>\n\t\t\t\t<div class=\"has_eae_slider elementor-column elementor-col-50 elementor-top-column elementor-element elementor-element-60dea8f\" data-id=\"60dea8f\" data-element_type=\"column\">\n\t\t\t<div class=\"elementor-widget-wrap elementor-element-populated\">\n\t\t\t\t\t\t<div class=\"elementor-element elementor-element-da76172 elementor-widget__width-initial elementor-widget elementor-widget-google_maps\" data-id=\"da76172\" data-element_type=\"widget\" data-widget_type=\"google_maps.default\">\n\t\t\t\t<div class=\"elementor-widget-container\">\n\t\t\t\t\t\t\t<div class=\"elementor-custom-embed\">\n\t\t\t<iframe loading=\"lazy\"\n\t\t\t\t\tsrc=\"https:\/\/maps.google.com\/maps?q=Technical%20university%20Hamburg&#038;t=m&#038;z=10&#038;output=embed&#038;iwloc=near\"\n\t\t\t\t\ttitle=\"Technical university Hamburg\"\n\t\t\t\t\taria-label=\"Technical university Hamburg\"\n\t\t\t><\/iframe>\n\t\t<\/div>\n\t\t\t\t\t\t<\/div>\n\t\t\t\t<\/div>\n\t\t\t\t<div class=\"elementor-element elementor-element-58985fc elementor-widget elementor-widget-spacer\" data-id=\"58985fc\" data-element_type=\"widget\" data-widget_type=\"spacer.default\">\n\t\t\t\t<div class=\"elementor-widget-container\">\n\t\t\t\t\t\t\t<div class=\"elementor-spacer\">\n\t\t\t<div class=\"elementor-spacer-inner\"><\/div>\n\t\t<\/div>\n\t\t\t\t\t\t<\/div>\n\t\t\t\t<\/div>\n\t\t\t\t\t<\/div>\n\t\t<\/div>\n\t\t\t\t\t<\/div>\n\t\t<\/section>\n\t\t\t\t<section class=\"has_eae_slider elementor-section elementor-top-section elementor-element elementor-element-b973ce3 elementor-section-boxed elementor-section-height-default elementor-section-height-default\" data-id=\"b973ce3\" data-element_type=\"section\">\n\t\t\t\t\t\t<div class=\"elementor-container elementor-column-gap-default\">\n\t\t\t\t\t<div class=\"has_eae_slider elementor-column elementor-col-50 elementor-top-column elementor-element elementor-element-957217d\" data-id=\"957217d\" data-element_type=\"column\">\n\t\t\t<div class=\"elementor-widget-wrap elementor-element-populated\">\n\t\t\t\t\t\t<div class=\"elementor-element elementor-element-b5430b1 elementor-widget__width-initial elementor-widget elementor-widget-image\" data-id=\"b5430b1\" data-element_type=\"widget\" data-widget_type=\"image.default\">\n\t\t\t\t<div class=\"elementor-widget-container\">\n\t\t\t\t\t\t\t\t\t\t\t\t\t\t\t\t<a href=\"https:\/\/www.tuhh.de\/t3resources\/tuhh\/download\/universitaet\/campus_de.pdf\" target=\"_blank\">\n\t\t\t\t\t\t\t<img decoding=\"async\" width=\"993\" height=\"1258\" src=\"https:\/\/biomechanik-kongress.de\/wp-content\/uploads\/sites\/26\/2025\/03\/TUHH_Campusplan-Infostellen_dez_2024__1_.jpg\" class=\"attachment-full size-full wp-image-11112\" alt=\"\" srcset=\"https:\/\/biomechanik-kongress.de\/wp-content\/uploads\/sites\/26\/2025\/03\/TUHH_Campusplan-Infostellen_dez_2024__1_.jpg 993w, https:\/\/biomechanik-kongress.de\/wp-content\/uploads\/sites\/26\/2025\/03\/TUHH_Campusplan-Infostellen_dez_2024__1_-237x300.jpg 237w, https:\/\/biomechanik-kongress.de\/wp-content\/uploads\/sites\/26\/2025\/03\/TUHH_Campusplan-Infostellen_dez_2024__1_-808x1024.jpg 808w\" sizes=\"(max-width: 993px) 100vw, 993px\" \/>\t\t\t\t\t\t\t\t<\/a>\n\t\t\t\t\t\t\t\t\t\t\t\t\t\t\t<\/div>\n\t\t\t\t<\/div>\n\t\t\t\t\t<\/div>\n\t\t<\/div>\n\t\t\t\t<div class=\"has_eae_slider elementor-column elementor-col-50 elementor-top-column elementor-element elementor-element-453de4b\" data-id=\"453de4b\" data-element_type=\"column\">\n\t\t\t<div class=\"elementor-widget-wrap elementor-element-populated\">\n\t\t\t\t\t\t<div class=\"elementor-element elementor-element-826398a elementor-widget__width-initial elementor-widget elementor-widget-image\" data-id=\"826398a\" data-element_type=\"widget\" data-widget_type=\"image.default\">\n\t\t\t\t<div class=\"elementor-widget-container\">\n\t\t\t\t\t\t\t\t\t\t\t\t\t\t\t\t<a href=\"https:\/\/www.tuhh.de\/t3resources\/tuhh\/download\/universitaet\/anfahrtplan.pdf\" target=\"_blank\">\n\t\t\t\t\t\t\t<img loading=\"lazy\" decoding=\"async\" width=\"850\" height=\"555\" src=\"https:\/\/biomechanik-kongress.de\/wp-content\/uploads\/sites\/26\/2025\/03\/tu_anfahrtsplan_gross.png\" class=\"attachment-large size-large wp-image-11107\" alt=\"\" srcset=\"https:\/\/biomechanik-kongress.de\/wp-content\/uploads\/sites\/26\/2025\/03\/tu_anfahrtsplan_gross.png 850w, https:\/\/biomechanik-kongress.de\/wp-content\/uploads\/sites\/26\/2025\/03\/tu_anfahrtsplan_gross-300x196.png 300w\" sizes=\"(max-width: 850px) 100vw, 850px\" \/>\t\t\t\t\t\t\t\t<\/a>\n\t\t\t\t\t\t\t\t\t\t\t\t\t\t\t<\/div>\n\t\t\t\t<\/div>\n\t\t\t\t\t<\/div>\n\t\t<\/div>\n\t\t\t\t\t<\/div>\n\t\t<\/section>\n\t\t\t\t<section class=\"has_eae_slider elementor-section elementor-top-section elementor-element elementor-element-82f7e9e elementor-section-boxed elementor-section-height-default elementor-section-height-default\" data-id=\"82f7e9e\" data-element_type=\"section\">\n\t\t\t\t\t\t<div class=\"elementor-container elementor-column-gap-default\">\n\t\t\t\t\t<div class=\"has_eae_slider elementor-column elementor-col-100 elementor-top-column elementor-element elementor-element-9b7350c\" data-id=\"9b7350c\" data-element_type=\"column\">\n\t\t\t<div class=\"elementor-widget-wrap elementor-element-populated\">\n\t\t\t\t\t\t<div class=\"elementor-element elementor-element-ce5f889 elementor-widget-divider--view-line elementor-widget elementor-widget-divider\" data-id=\"ce5f889\" data-element_type=\"widget\" data-widget_type=\"divider.default\">\n\t\t\t\t<div class=\"elementor-widget-container\">\n\t\t\t\t\t\t\t<div class=\"elementor-divider\">\n\t\t\t<span class=\"elementor-divider-separator\">\n\t\t\t\t\t\t<\/span>\n\t\t<\/div>\n\t\t\t\t\t\t<\/div>\n\t\t\t\t<\/div>\n\t\t\t\t\t<\/div>\n\t\t<\/div>\n\t\t\t\t\t<\/div>\n\t\t<\/section>\n\t\t\t\t<\/div>","protected":false},"excerpt":{"rendered":"<p>About Hamburg Hamburg is a cosmopolitan, lively Hanseatic city in northern Germany, known for one of Europe&#8217;s largest seaports and a vibrant center for conferences, trade fairs and business events. The country&#8217;s second largest city is characterized by its modern infrastructure, international connections and picturesque views of the Elbe. Particularly noteworthy are the Speicherstadt, the&#8230;<\/p>","protected":false},"author":2,"featured_media":0,"parent":0,"menu_order":0,"comment_status":"closed","ping_status":"closed","template":"","meta":{"footnotes":"","_links_to":"","_links_to_target":""},"class_list":["post-4985","page","type-page","status-publish","hentry"],"aioseo_notices":[],"_links":{"self":[{"href":"https:\/\/biomechanik-kongress.de\/de\/wp-json\/wp\/v2\/pages\/4985","targetHints":{"allow":["GET"]}}],"collection":[{"href":"https:\/\/biomechanik-kongress.de\/de\/wp-json\/wp\/v2\/pages"}],"about":[{"href":"https:\/\/biomechanik-kongress.de\/de\/wp-json\/wp\/v2\/types\/page"}],"author":[{"embeddable":true,"href":"https:\/\/biomechanik-kongress.de\/de\/wp-json\/wp\/v2\/users\/2"}],"replies":[{"embeddable":true,"href":"https:\/\/biomechanik-kongress.de\/de\/wp-json\/wp\/v2\/comments?post=4985"}],"version-history":[{"count":207,"href":"https:\/\/biomechanik-kongress.de\/de\/wp-json\/wp\/v2\/pages\/4985\/revisions"}],"predecessor-version":[{"id":12868,"href":"https:\/\/biomechanik-kongress.de\/de\/wp-json\/wp\/v2\/pages\/4985\/revisions\/12868"}],"wp:attachment":[{"href":"https:\/\/biomechanik-kongress.de\/de\/wp-json\/wp\/v2\/media?parent=4985"}],"curies":[{"name":"wp","href":"https:\/\/api.w.org\/{rel}","templated":true}]}}