{"id":2938,"date":"2020-08-24T11:49:17","date_gmt":"2020-08-24T11:49:17","guid":{"rendered":"http:\/\/www.cmbbe-symposium.com\/care4-2022\/practical-information\/about-destination-copy\/"},"modified":"2025-09-09T07:06:02","modified_gmt":"2025-09-09T07:06:02","slug":"hotel-travel","status":"publish","type":"page","link":"https:\/\/biomechanik-kongress.de\/de\/hotel-travel\/","title":{"rendered":"Hotels"},"content":{"rendered":"<div data-elementor-type=\"wp-post\" data-elementor-id=\"2938\" class=\"elementor elementor-2938\" data-elementor-post-type=\"page\">\n\t\t\t\t\t\t<section class=\"has_eae_slider elementor-section elementor-top-section elementor-element elementor-element-8fc0fa0 elementor-section-boxed elementor-section-height-default elementor-section-height-default\" data-id=\"8fc0fa0\" data-element_type=\"section\">\n\t\t\t\t\t\t<div class=\"elementor-container elementor-column-gap-default\">\n\t\t\t\t\t<div class=\"has_eae_slider elementor-column elementor-col-100 elementor-top-column elementor-element elementor-element-8d8bbe1\" data-id=\"8d8bbe1\" data-element_type=\"column\">\n\t\t\t<div class=\"elementor-widget-wrap elementor-element-populated\">\n\t\t\t\t\t\t<div class=\"elementor-element elementor-element-7699ac0 elementor-widget elementor-widget-heading\" data-id=\"7699ac0\" data-element_type=\"widget\" data-widget_type=\"heading.default\">\n\t\t\t\t<div class=\"elementor-widget-container\">\n\t\t\t\t\t<h3 class=\"elementor-heading-title elementor-size-default\">Hotelbuchung in Hamburg!<\/h3>\t\t\t\t<\/div>\n\t\t\t\t<\/div>\n\t\t\t\t<div class=\"elementor-element elementor-element-520d562 elementor-widget elementor-widget-text-editor\" data-id=\"520d562\" data-element_type=\"widget\" data-widget_type=\"text-editor.default\">\n\t\t\t\t<div class=\"elementor-widget-container\">\n\t\t\t\t\t\t\t\t\t<p>Hotelzimmer verschiedener Kategorien sind f\u00fcr DGfB 2026 Teilnehmende zu Sonderkonditionen verf\u00fcgbar. <br \/>Nutzen Sie gerne unser <a href=\"https:\/\/www.codan-hotels.com\/DGfB2026\/\" target=\"_blank\" rel=\"noopener\">online Buchungssystem<\/a> .\u00a0<\/p>\t\t\t\t\t\t\t\t<\/div>\n\t\t\t\t<\/div>\n\t\t\t\t<div class=\"elementor-element elementor-element-ba87d45 elementor-align-center elementor-hidden-desktop elementor-hidden-tablet elementor-hidden-mobile elementor-widget elementor-widget-button\" data-id=\"ba87d45\" data-element_type=\"widget\" data-widget_type=\"button.default\">\n\t\t\t\t<div class=\"elementor-widget-container\">\n\t\t\t\t\t\t\t\t\t<div class=\"elementor-button-wrapper\">\n\t\t\t\t\t<a class=\"elementor-button elementor-size-lg elementor-animation-grow\" role=\"button\">\n\t\t\t\t\t\t<span class=\"elementor-button-content-wrapper\">\n\t\t\t\t\t\t\t\t\t<span class=\"elementor-button-text\">DGfB 2026 HOTEL BOOKING WEBSITE<\/span>\n\t\t\t\t\t<\/span>\n\t\t\t\t\t<\/a>\n\t\t\t\t<\/div>\n\t\t\t\t\t\t\t\t<\/div>\n\t\t\t\t<\/div>\n\t\t\t\t<div class=\"elementor-element elementor-element-0554f5e elementor-widget elementor-widget-text-editor\" data-id=\"0554f5e\" data-element_type=\"widget\" data-widget_type=\"text-editor.default\">\n\t\t\t\t<div class=\"elementor-widget-container\">\n\t\t\t\t\t\t\t\t\t<p>Damit Sie die bestm\u00f6gliche Unterkunft erhalten k\u00f6nnen, raten wir Ihnen, fr\u00fchzeitig zu buchen. Hamburg ist eine belebte Stadt und die Hotels sind sehr schnell ausgebucht.<\/p><p>Die Konferenz findet auf dem Campus der Technischen Universit\u00e4t Hamburg (TUHH) in einem Vorstadtviertel s\u00fcdlich der Elbe statt. Dieser liegt verkehrsg\u00fcnstig in der N\u00e4he des Bahnhofs Heimfeld - etwa 25 Minuten vom Stadtzentrum entfernt. Wir bieten  Ihnen eine Auswahl an Unterkunftsm\u00f6glichkeiten, welche einen kleinen Teil der M\u00f6glichkeiten in Hamburg widerspiegeln. Bitte w\u00e4hlen Sie bei Ihrer Buchung, ob Sie morgens schnell zur Konferenz kommen wollen oder abends schnell aus der pulsierenden Hamburger Innenstadt in Ihr Zimmer zur\u00fcckkehren m\u00f6chten.<\/p><p>Codan Consulting steht als Hotelvermittler f\u00fcr die DGfB 2026 in Hamburg zur Verf\u00fcgung und k\u00fcmmert sich gerne um alle damit verbundenen Arrangements.<br \/>Codan Consulting<br \/>Provaznicka 11<br \/>110 00 Prag<br \/>Tschechien<br \/>Tel.: +420 601 026 251<br \/>Email: <a href=\"mailto:info@codan-consulting.com\">info@codan-consulting.com<\/a><\/p>\t\t\t\t\t\t\t\t<\/div>\n\t\t\t\t<\/div>\n\t\t\t\t\t<\/div>\n\t\t<\/div>\n\t\t\t\t\t<\/div>\n\t\t<\/section>\n\t\t\t\t<section class=\"has_eae_slider elementor-section elementor-top-section elementor-element elementor-element-03a46d6 elementor-section-boxed elementor-section-height-default elementor-section-height-default\" data-id=\"03a46d6\" data-element_type=\"section\">\n\t\t\t\t\t\t<div class=\"elementor-container elementor-column-gap-default\">\n\t\t\t\t\t<div class=\"has_eae_slider elementor-column elementor-col-100 elementor-top-column elementor-element elementor-element-2546a2a\" data-id=\"2546a2a\" data-element_type=\"column\">\n\t\t\t<div class=\"elementor-widget-wrap elementor-element-populated\">\n\t\t\t\t\t\t<div class=\"elementor-element elementor-element-d8b9e57 elementor-widget elementor-widget-spacer\" data-id=\"d8b9e57\" data-element_type=\"widget\" data-widget_type=\"spacer.default\">\n\t\t\t\t<div class=\"elementor-widget-container\">\n\t\t\t\t\t\t\t<div class=\"elementor-spacer\">\n\t\t\t<div class=\"elementor-spacer-inner\"><\/div>\n\t\t<\/div>\n\t\t\t\t\t\t<\/div>\n\t\t\t\t<\/div>\n\t\t\t\t\t<\/div>\n\t\t<\/div>\n\t\t\t\t\t<\/div>\n\t\t<\/section>\n\t\t\t\t<div class=\"has_eae_slider elementor-section elementor-top-section elementor-element elementor-element-58819b7 elementor-section-stretched elementor-section-full_width elementor-section-content-middle elementor-section-height-default elementor-section-height-default\" data-id=\"58819b7\" data-element_type=\"section\" data-settings=\"{&quot;stretch_section&quot;:&quot;section-stretched&quot;,&quot;background_background&quot;:&quot;classic&quot;}\">\n\t\t\t\t\t\t<div class=\"elementor-container elementor-column-gap-no\">\n\t\t\t\t\t<div class=\"has_eae_slider elementor-column elementor-col-100 elementor-top-column elementor-element elementor-element-a48b398\" data-id=\"a48b398\" data-element_type=\"column\">\n\t\t\t<div class=\"elementor-widget-wrap elementor-element-populated\">\n\t\t\t\t\t\t<div class=\"elementor-element elementor-element-dcb88d8 elementor-widget elementor-widget-eael-image-accordion\" data-id=\"dcb88d8\" data-element_type=\"widget\" data-widget_type=\"eael-image-accordion.default\">\n\t\t\t\t<div class=\"elementor-widget-container\">\n\t\t\t\t\t    <div class=\"eael-img-accordion accordion-direction-horizontal eael-img-accordion-horizontal-align-center eael-img-accordion-vertical-align-center\" id=\"eael-img-accordion-dcb88d8\" data-img-accordion-id=\"dcb88d8\" data-img-accordion-type=\"on-hover\">\n                    \n            <div class=\"eael-image-accordion-hover eael-image-accordion-item\" style=\"background-image: url(https:\/\/www.cmbbe-symposium.com\/dgfb2026\/wp-content\/uploads\/sites\/26\/2025\/03\/12.png);\"  tabindex=\"0\">\n                <div class=\"overlay\">\n                    <div class=\"overlay-inner\">\n                                            <\/div>\n                <\/div>\n            <\/div>\n                    \n            <div class=\"eael-image-accordion-hover eael-image-accordion-item\" style=\"background-image: url(https:\/\/www.cmbbe-symposium.com\/dgfb2026\/wp-content\/uploads\/sites\/26\/2025\/03\/15.png);\"  tabindex=\"0\">\n                <div class=\"overlay\">\n                    <div class=\"overlay-inner\">\n                                            <\/div>\n                <\/div>\n            <\/div>\n                    \n            <div class=\"eael-image-accordion-hover eael-image-accordion-item\" style=\"background-image: url(https:\/\/www.cmbbe-symposium.com\/dgfb2026\/wp-content\/uploads\/sites\/26\/2025\/03\/13.png);\"  tabindex=\"0\">\n                <div class=\"overlay\">\n                    <div class=\"overlay-inner\">\n                                            <\/div>\n                <\/div>\n            <\/div>\n                    \n            <div class=\"eael-image-accordion-hover eael-image-accordion-item\" style=\"background-image: url(https:\/\/www.cmbbe-symposium.com\/dgfb2026\/wp-content\/uploads\/sites\/26\/2025\/03\/TU-Hamburg-pic.jpg);\"  tabindex=\"0\">\n                <div class=\"overlay\">\n                    <div class=\"overlay-inner\">\n                                            <\/div>\n                <\/div>\n            <\/div>\n                <\/div>\n        <style typr=\"text\/css\">\n                    #eael-img-accordion-dcb88d8 .eael-image-accordion-hover:hover {\n                        flex: 3 1 0% !important;\n                    }\n                    #eael-img-accordion-dcb88d8 .eael-image-accordion-hover:hover:hover .overlay-inner * {\n                        opacity: 1;\n                        visibility: visible;\n                        transform: none;\n                        transition: all .3s .3s;\n                    }\n                <\/style>\t\t\t\t<\/div>\n\t\t\t\t<\/div>\n\t\t\t\t\t<\/div>\n\t\t<\/div>\n\t\t\t\t\t<\/div>\n\t\t<\/div>\n\t\t\t\t<\/div>","protected":false},"excerpt":{"rendered":"<p>Book your accommodation in Hamburg! Hotel rooms of different categories at reduced rates are available for participants of DGfB 2026. You can BOOK YOUR ACCOMMODATION via an online booking system.\u00a0 DGfB 2026 HOTEL BOOKING WEBSITE We advise to book your accommodation at an early stage to ensure you have the best possible place to stay&#8230;.<\/p>","protected":false},"author":1,"featured_media":0,"parent":0,"menu_order":0,"comment_status":"closed","ping_status":"closed","template":"","meta":{"footnotes":"","_links_to":"","_links_to_target":""},"class_list":["post-2938","page","type-page","status-publish","hentry"],"aioseo_notices":[],"_links":{"self":[{"href":"https:\/\/biomechanik-kongress.de\/de\/wp-json\/wp\/v2\/pages\/2938","targetHints":{"allow":["GET"]}}],"collection":[{"href":"https:\/\/biomechanik-kongress.de\/de\/wp-json\/wp\/v2\/pages"}],"about":[{"href":"https:\/\/biomechanik-kongress.de\/de\/wp-json\/wp\/v2\/types\/page"}],"author":[{"embeddable":true,"href":"https:\/\/biomechanik-kongress.de\/de\/wp-json\/wp\/v2\/users\/1"}],"replies":[{"embeddable":true,"href":"https:\/\/biomechanik-kongress.de\/de\/wp-json\/wp\/v2\/comments?post=2938"}],"version-history":[{"count":670,"href":"https:\/\/biomechanik-kongress.de\/de\/wp-json\/wp\/v2\/pages\/2938\/revisions"}],"predecessor-version":[{"id":12019,"href":"https:\/\/biomechanik-kongress.de\/de\/wp-json\/wp\/v2\/pages\/2938\/revisions\/12019"}],"wp:attachment":[{"href":"https:\/\/biomechanik-kongress.de\/de\/wp-json\/wp\/v2\/media?parent=2938"}],"curies":[{"name":"wp","href":"https:\/\/api.w.org\/{rel}","templated":true}]}}