{"id":2448,"date":"2019-03-13T05:37:48","date_gmt":"2019-03-13T05:37:48","guid":{"rendered":"http:\/\/www.cmbbe-symposium.com\/care4-2022\/?page_id=2448"},"modified":"2026-04-07T11:01:57","modified_gmt":"2026-04-07T11:01:57","slug":"home","status":"publish","type":"page","link":"https:\/\/biomechanik-kongress.de\/de","title":{"rendered":"Homepage"},"content":{"rendered":"<div data-elementor-type=\"wp-post\" data-elementor-id=\"2448\" class=\"elementor elementor-2448\" data-elementor-post-type=\"page\">\n\t\t\t\t\t\t<section class=\"has_eae_slider elementor-section elementor-top-section elementor-element elementor-element-11a3243 elementor-section-full_width elementor-section-height-default elementor-section-height-default\" data-id=\"11a3243\" data-element_type=\"section\">\n\t\t\t\t\t\t<div class=\"elementor-container elementor-column-gap-default\">\n\t\t\t\t\t<div class=\"has_eae_slider elementor-column elementor-col-100 elementor-top-column elementor-element elementor-element-bcfac4b\" data-id=\"bcfac4b\" data-element_type=\"column\">\n\t\t\t<div class=\"elementor-widget-wrap elementor-element-populated\">\n\t\t\t\t\t\t<div class=\"elementor-element elementor-element-6a9ffef elementor-widget elementor-widget-image\" data-id=\"6a9ffef\" data-element_type=\"widget\" data-widget_type=\"image.default\">\n\t\t\t\t<div class=\"elementor-widget-container\">\n\t\t\t\t\t\t\t\t\t\t\t\t\t\t\t<img fetchpriority=\"high\" decoding=\"async\" width=\"1440\" height=\"265\" src=\"https:\/\/biomechanik-kongress.de\/wp-content\/uploads\/sites\/26\/2025\/04\/DGfB-banner-final-version.png\" class=\"attachment-full size-full wp-image-11483\" alt=\"\" srcset=\"https:\/\/biomechanik-kongress.de\/wp-content\/uploads\/sites\/26\/2025\/04\/DGfB-banner-final-version.png 1440w, https:\/\/biomechanik-kongress.de\/wp-content\/uploads\/sites\/26\/2025\/04\/DGfB-banner-final-version-300x55.png 300w, https:\/\/biomechanik-kongress.de\/wp-content\/uploads\/sites\/26\/2025\/04\/DGfB-banner-final-version-1024x188.png 1024w\" sizes=\"(max-width: 1440px) 100vw, 1440px\" \/>\t\t\t\t\t\t\t\t\t\t\t\t\t\t\t<\/div>\n\t\t\t\t<\/div>\n\t\t\t\t\t<\/div>\n\t\t<\/div>\n\t\t\t\t\t<\/div>\n\t\t<\/section>\n\t\t\t\t<section class=\"has_eae_slider elementor-section elementor-top-section elementor-element elementor-element-65f00ee elementor-section-full_width elementor-section-height-default elementor-section-height-default\" data-id=\"65f00ee\" data-element_type=\"section\">\n\t\t\t\t\t\t<div class=\"elementor-container elementor-column-gap-default\">\n\t\t\t\t\t<div class=\"has_eae_slider elementor-column elementor-col-50 elementor-top-column elementor-element elementor-element-d0d2100\" data-id=\"d0d2100\" data-element_type=\"column\">\n\t\t\t<div class=\"elementor-widget-wrap elementor-element-populated\">\n\t\t\t\t\t\t<div class=\"elementor-element elementor-element-8e914f3 elementor-align-justify elementor-widget__width-initial elementor-widget elementor-widget-button\" data-id=\"8e914f3\" data-element_type=\"widget\" data-widget_type=\"button.default\">\n\t\t\t\t<div class=\"elementor-widget-container\">\n\t\t\t\t\t\t\t\t\t<div class=\"elementor-button-wrapper\">\n\t\t\t\t\t<a class=\"elementor-button elementor-button-link elementor-size-sm\" href=\"https:\/\/biomechanik-kongress.de\/wp-content\/uploads\/sites\/26\/2026\/03\/DGfB2026-katalog-final-1.pdf\" target=\"_blank\">\n\t\t\t\t\t\t<span class=\"elementor-button-content-wrapper\">\n\t\t\t\t\t\t<span class=\"elementor-button-icon\">\n\t\t\t\t<i aria-hidden=\"true\" class=\"fas fa-cloud-download-alt\"><\/i>\t\t\t<\/span>\n\t\t\t\t\t\t\t\t\t<span class=\"elementor-button-text\">E-BROCHURE<\/span>\n\t\t\t\t\t<\/span>\n\t\t\t\t\t<\/a>\n\t\t\t\t<\/div>\n\t\t\t\t\t\t\t\t<\/div>\n\t\t\t\t<\/div>\n\t\t\t\t<div class=\"elementor-element elementor-element-6ebe8a1 elementor-align-justify elementor-widget elementor-widget-button\" data-id=\"6ebe8a1\" data-element_type=\"widget\" data-widget_type=\"button.default\">\n\t\t\t\t<div class=\"elementor-widget-container\">\n\t\t\t\t\t\t\t\t\t<div class=\"elementor-button-wrapper\">\n\t\t\t\t\t<a class=\"elementor-button elementor-button-link elementor-size-sm\" href=\"https:\/\/biomechanik-kongress.de\/wp-content\/uploads\/sites\/26\/2026\/04\/Abstract-book_new.pdf\" target=\"_blank\">\n\t\t\t\t\t\t<span class=\"elementor-button-content-wrapper\">\n\t\t\t\t\t\t<span class=\"elementor-button-icon\">\n\t\t\t\t<i aria-hidden=\"true\" class=\"far fa-address-book\"><\/i>\t\t\t<\/span>\n\t\t\t\t\t\t\t\t\t<span class=\"elementor-button-text\">ABSTRAKT BOOK<\/span>\n\t\t\t\t\t<\/span>\n\t\t\t\t\t<\/a>\n\t\t\t\t<\/div>\n\t\t\t\t\t\t\t\t<\/div>\n\t\t\t\t<\/div>\n\t\t\t\t\t<\/div>\n\t\t<\/div>\n\t\t\t\t<div class=\"has_eae_slider elementor-column elementor-col-50 elementor-top-column elementor-element elementor-element-de4e5c9\" data-id=\"de4e5c9\" data-element_type=\"column\">\n\t\t\t<div class=\"elementor-widget-wrap elementor-element-populated\">\n\t\t\t\t\t\t<div class=\"elementor-element elementor-element-9bec528 elementor-widget elementor-widget-image\" data-id=\"9bec528\" data-element_type=\"widget\" data-widget_type=\"image.default\">\n\t\t\t\t<div class=\"elementor-widget-container\">\n\t\t\t\t\t\t\t\t\t\t\t\t\t\t\t<img decoding=\"async\" width=\"1813\" height=\"2130\" src=\"https:\/\/biomechanik-kongress.de\/wp-content\/uploads\/sites\/26\/2026\/03\/Conference_app_picture-2-scaled-1-e1773309983318.jpg\" class=\"attachment-full size-full wp-image-12869\" alt=\"\" srcset=\"https:\/\/biomechanik-kongress.de\/wp-content\/uploads\/sites\/26\/2026\/03\/Conference_app_picture-2-scaled-1-e1773309983318.jpg 1813w, https:\/\/biomechanik-kongress.de\/wp-content\/uploads\/sites\/26\/2026\/03\/Conference_app_picture-2-scaled-1-e1773309983318-255x300.jpg 255w, https:\/\/biomechanik-kongress.de\/wp-content\/uploads\/sites\/26\/2026\/03\/Conference_app_picture-2-scaled-1-e1773309983318-872x1024.jpg 872w, https:\/\/biomechanik-kongress.de\/wp-content\/uploads\/sites\/26\/2026\/03\/Conference_app_picture-2-scaled-1-e1773309983318-1307x1536.jpg 1307w, https:\/\/biomechanik-kongress.de\/wp-content\/uploads\/sites\/26\/2026\/03\/Conference_app_picture-2-scaled-1-e1773309983318-1743x2048.jpg 1743w, https:\/\/biomechanik-kongress.de\/wp-content\/uploads\/sites\/26\/2026\/03\/Conference_app_picture-2-scaled-1-e1773309983318-10x12.jpg 10w, https:\/\/biomechanik-kongress.de\/wp-content\/uploads\/sites\/26\/2026\/03\/Conference_app_picture-2-scaled-1-e1773309983318-768x902.jpg 768w\" sizes=\"(max-width: 1813px) 100vw, 1813px\" \/>\t\t\t\t\t\t\t\t\t\t\t\t\t\t\t<\/div>\n\t\t\t\t<\/div>\n\t\t\t\t\t<\/div>\n\t\t<\/div>\n\t\t\t\t\t<\/div>\n\t\t<\/section>\n\t\t\t\t<section class=\"has_eae_slider elementor-section elementor-top-section elementor-element elementor-element-baf5b5c elementor-section-full_width elementor-section-height-default elementor-section-height-default\" data-id=\"baf5b5c\" data-element_type=\"section\">\n\t\t\t\t\t\t<div class=\"elementor-container elementor-column-gap-default\">\n\t\t\t\t\t<div class=\"has_eae_slider elementor-column elementor-col-100 elementor-top-column elementor-element elementor-element-9d2e1d7\" data-id=\"9d2e1d7\" data-element_type=\"column\">\n\t\t\t<div class=\"elementor-widget-wrap elementor-element-populated\">\n\t\t\t\t\t\t<section class=\"has_eae_slider elementor-section elementor-inner-section elementor-element elementor-element-43a57e9 elementor-section-full_width elementor-section-height-default elementor-section-height-default\" data-id=\"43a57e9\" data-element_type=\"section\">\n\t\t\t\t\t\t<div class=\"elementor-container elementor-column-gap-default\">\n\t\t\t\t\t<div class=\"has_eae_slider elementor-column elementor-col-100 elementor-inner-column elementor-element elementor-element-b952f6c\" data-id=\"b952f6c\" data-element_type=\"column\">\n\t\t\t<div class=\"elementor-widget-wrap elementor-element-populated\">\n\t\t\t\t\t\t<div class=\"elementor-element elementor-element-79b6ac6 elementor-widget elementor-widget-heading\" data-id=\"79b6ac6\" data-element_type=\"widget\" data-widget_type=\"heading.default\">\n\t\t\t\t<div class=\"elementor-widget-container\">\n\t\t\t\t\t<h2 class=\"elementor-heading-title elementor-size-default\">Herzlich willkommen zum 14. Kongress der Deutschen Gesellschaft f\u00fcr Biomechanik!<\/h2>\t\t\t\t<\/div>\n\t\t\t\t<\/div>\n\t\t\t\t<div class=\"elementor-element elementor-element-d765dc2 elementor-widget__width-initial elementor-widget elementor-widget-text-editor\" data-id=\"d765dc2\" data-element_type=\"widget\" data-widget_type=\"text-editor.default\">\n\t\t\t\t<div class=\"elementor-widget-container\">\n\t\t\t\t\t\t\t\t\t<h6 style=\"text-align: left;\">Liebe Kolleginnen und Kollegen,<br data-start=\"276\" data-end=\"279\">wir begr\u00fc\u00dfen Sie herzlich zum <b>14. Kongress der Deutschen Gesellschaft f\u00fcr Biomechanik (DGfB)<\/b> an <b>der TU Hamburg (TUHH)<\/b>! Erneut kommen Forschende, Mediziner:innen und Fachleute aus der Industrie zusammen, um die neuesten Entwicklungen in der Biomechanik zu pr\u00e4sentieren - vom Labor \u00fcber die Klinik bis zur t\u00e4glichen Anwendung.<br>Ein abwechslungsreiches Programm mit wissenschaftlichen Vortr\u00e4gen, Workshops und inspirierenden Keynote-Vortr\u00e4gen erwartet Sie. Das Rahmenprogramm  des Kongresses bietet viele M\u00f6glichkeiten, um neue Kontakte zu kn\u00fcpfen, das pers\u00f6nliche Netzwerk zu st\u00e4rken, Ideen auszutauschen und neue Kooperationen aufzubauen.<br>Wir freuen uns auf aufschlussreiche Diskussionen und neue Perspektiven, um die Biomechanik gemeinsam voranzubringen.<br>Willkommen in Hamburg!<\/h6>\t\t\t\t\t\t\t\t<\/div>\n\t\t\t\t<\/div>\n\t\t\t\t\t<\/div>\n\t\t<\/div>\n\t\t\t\t\t<\/div>\n\t\t<\/section>\n\t\t\t\t<section class=\"has_eae_slider elementor-section elementor-inner-section elementor-element elementor-element-7485201 elementor-section-boxed elementor-section-height-default elementor-section-height-default\" data-id=\"7485201\" data-element_type=\"section\">\n\t\t\t\t\t\t<div class=\"elementor-container elementor-column-gap-default\">\n\t\t\t\t\t<div class=\"has_eae_slider elementor-column elementor-col-50 elementor-inner-column elementor-element elementor-element-c2f00b8\" data-id=\"c2f00b8\" data-element_type=\"column\">\n\t\t\t<div class=\"elementor-widget-wrap elementor-element-populated\">\n\t\t\t\t\t\t<div class=\"elementor-element elementor-element-2af5bcf elementor-widget elementor-widget-image-box\" data-id=\"2af5bcf\" data-element_type=\"widget\" data-widget_type=\"image-box.default\">\n\t\t\t\t<div class=\"elementor-widget-container\">\n\t\t\t\t\t<div class=\"elementor-image-box-wrapper\"><div class=\"elementor-image-box-content\"><h5 class=\"elementor-image-box-title\">Gerd Huber<br>DGfB 2026  Vorsitzender <\/h5><p class=\"elementor-image-box-description\">President of the German Society of Biomechanics<br> Institute of Biomechanics<br>TU Hamburg<\/p><\/div><\/div>\t\t\t\t<\/div>\n\t\t\t\t<\/div>\n\t\t\t\t\t<\/div>\n\t\t<\/div>\n\t\t\t\t<div class=\"has_eae_slider elementor-column elementor-col-50 elementor-inner-column elementor-element elementor-element-4bd0aae\" data-id=\"4bd0aae\" data-element_type=\"column\">\n\t\t\t<div class=\"elementor-widget-wrap elementor-element-populated\">\n\t\t\t\t\t\t<div class=\"elementor-element elementor-element-47cf43e elementor-widget elementor-widget-image-box\" data-id=\"47cf43e\" data-element_type=\"widget\" data-widget_type=\"image-box.default\">\n\t\t\t\t<div class=\"elementor-widget-container\">\n\t\t\t\t\t<div class=\"elementor-image-box-wrapper\"><div class=\"elementor-image-box-content\"><h5 class=\"elementor-image-box-title\">Sara Checa Esteban<br>DGfB 2026 Co-Vorsitzende <\/h5><p class=\"elementor-image-box-description\">University Chair,<br>\nInstitute of Biomechanics <br>TU Hamburg<\/p><\/div><\/div>\t\t\t\t<\/div>\n\t\t\t\t<\/div>\n\t\t\t\t\t<\/div>\n\t\t<\/div>\n\t\t\t\t\t<\/div>\n\t\t<\/section>\n\t\t\t\t\t<\/div>\n\t\t<\/div>\n\t\t\t\t\t<\/div>\n\t\t<\/section>\n\t\t\t\t<section class=\"has_eae_slider elementor-section elementor-top-section elementor-element elementor-element-e96969c elementor-section-full_width elementor-section-height-default elementor-section-height-default\" data-id=\"e96969c\" data-element_type=\"section\">\n\t\t\t\t\t\t<div class=\"elementor-container elementor-column-gap-default\">\n\t\t\t\t\t<div class=\"has_eae_slider elementor-column elementor-col-100 elementor-top-column elementor-element elementor-element-beab847\" data-id=\"beab847\" data-element_type=\"column\">\n\t\t\t<div class=\"elementor-widget-wrap elementor-element-populated\">\n\t\t\t\t\t\t<section class=\"has_eae_slider elementor-section elementor-inner-section elementor-element elementor-element-9a3d202 elementor-section-full_width elementor-section-height-default elementor-section-height-default\" data-id=\"9a3d202\" data-element_type=\"section\">\n\t\t\t\t\t\t<div class=\"elementor-container elementor-column-gap-default\">\n\t\t\t\t\t<div class=\"has_eae_slider elementor-column elementor-col-100 elementor-inner-column elementor-element elementor-element-1763a77\" data-id=\"1763a77\" data-element_type=\"column\">\n\t\t\t<div class=\"elementor-widget-wrap elementor-element-populated\">\n\t\t\t\t\t\t<div class=\"elementor-element elementor-element-7b63aa7 elementor-widget-divider--view-line elementor-widget elementor-widget-divider\" data-id=\"7b63aa7\" data-element_type=\"widget\" data-widget_type=\"divider.default\">\n\t\t\t\t<div class=\"elementor-widget-container\">\n\t\t\t\t\t\t\t<div class=\"elementor-divider\">\n\t\t\t<span class=\"elementor-divider-separator\">\n\t\t\t\t\t\t<\/span>\n\t\t<\/div>\n\t\t\t\t\t\t<\/div>\n\t\t\t\t<\/div>\n\t\t\t\t\t<\/div>\n\t\t<\/div>\n\t\t\t\t\t<\/div>\n\t\t<\/section>\n\t\t\t\t<section class=\"has_eae_slider elementor-section elementor-inner-section elementor-element elementor-element-cf08d88 elementor-section-full_width elementor-section-height-default elementor-section-height-default\" data-id=\"cf08d88\" data-element_type=\"section\">\n\t\t\t\t\t\t<div class=\"elementor-container elementor-column-gap-default\">\n\t\t\t\t\t<div class=\"has_eae_slider elementor-column elementor-col-100 elementor-inner-column elementor-element elementor-element-50b1db8\" data-id=\"50b1db8\" data-element_type=\"column\">\n\t\t\t<div class=\"elementor-widget-wrap elementor-element-populated\">\n\t\t\t\t\t\t<div class=\"elementor-element elementor-element-35fb755 elementor-widget elementor-widget-heading\" data-id=\"35fb755\" data-element_type=\"widget\" data-widget_type=\"heading.default\">\n\t\t\t\t<div class=\"elementor-widget-container\">\n\t\t\t\t\t<h2 class=\"elementor-heading-title elementor-size-default\">DGfB 2026 Veranstaltungsort<\/h2>\t\t\t\t<\/div>\n\t\t\t\t<\/div>\n\t\t\t\t\t<\/div>\n\t\t<\/div>\n\t\t\t\t\t<\/div>\n\t\t<\/section>\n\t\t\t\t<section class=\"has_eae_slider elementor-section elementor-inner-section elementor-element elementor-element-31f2405 elementor-section-full_width elementor-section-height-default elementor-section-height-default\" data-id=\"31f2405\" data-element_type=\"section\">\n\t\t\t\t\t\t<div class=\"elementor-container elementor-column-gap-default\">\n\t\t\t\t\t<div class=\"has_eae_slider elementor-column elementor-col-25 elementor-inner-column elementor-element elementor-element-fc254ed\" data-id=\"fc254ed\" data-element_type=\"column\">\n\t\t\t<div class=\"elementor-widget-wrap elementor-element-populated\">\n\t\t\t\t\t\t<div class=\"elementor-element elementor-element-bee411c elementor-widget elementor-widget-heading\" data-id=\"bee411c\" data-element_type=\"widget\" data-widget_type=\"heading.default\">\n\t\t\t\t<div class=\"elementor-widget-container\">\n\t\t\t\t\t<h3 class=\"elementor-heading-title elementor-size-default\">Technische Universit\u00e4t Hamburg (TUHH)<\/h3>\t\t\t\t<\/div>\n\t\t\t\t<\/div>\n\t\t\t\t<div class=\"elementor-element elementor-element-654b7b4 elementor-widget elementor-widget-text-editor\" data-id=\"654b7b4\" data-element_type=\"widget\" data-widget_type=\"text-editor.default\">\n\t\t\t\t<div class=\"elementor-widget-container\">\n\t\t\t\t\t\t\t\t\t<h6 style=\"text-align: left;\">Am Schwarzenberg-Campus 5<br \/>Geb\u00e4ude H<br \/>21073 Hamburg<br \/>Deutschland<\/h6>\t\t\t\t\t\t\t\t<\/div>\n\t\t\t\t<\/div>\n\t\t\t\t\t<\/div>\n\t\t<\/div>\n\t\t\t\t<div class=\"has_eae_slider elementor-column elementor-col-25 elementor-inner-column elementor-element elementor-element-cc00e8b\" data-id=\"cc00e8b\" data-element_type=\"column\">\n\t\t\t<div class=\"elementor-widget-wrap elementor-element-populated\">\n\t\t\t\t\t\t<div class=\"elementor-element elementor-element-f3fef8b elementor-widget elementor-widget-image\" data-id=\"f3fef8b\" data-element_type=\"widget\" data-widget_type=\"image.default\">\n\t\t\t\t<div class=\"elementor-widget-container\">\n\t\t\t\t\t\t\t\t\t\t\t\t\t\t\t<img decoding=\"async\" width=\"2400\" height=\"1600\" src=\"https:\/\/biomechanik-kongress.de\/wp-content\/uploads\/sites\/26\/2025\/03\/gebaeude_tuhh-1-1.jpg\" class=\"attachment-full size-full wp-image-11077\" alt=\"\" srcset=\"https:\/\/biomechanik-kongress.de\/wp-content\/uploads\/sites\/26\/2025\/03\/gebaeude_tuhh-1-1.jpg 2400w, https:\/\/biomechanik-kongress.de\/wp-content\/uploads\/sites\/26\/2025\/03\/gebaeude_tuhh-1-1-300x200.jpg 300w, https:\/\/biomechanik-kongress.de\/wp-content\/uploads\/sites\/26\/2025\/03\/gebaeude_tuhh-1-1-1024x683.jpg 1024w, https:\/\/biomechanik-kongress.de\/wp-content\/uploads\/sites\/26\/2025\/03\/gebaeude_tuhh-1-1-1536x1024.jpg 1536w, https:\/\/biomechanik-kongress.de\/wp-content\/uploads\/sites\/26\/2025\/03\/gebaeude_tuhh-1-1-2048x1365.jpg 2048w, https:\/\/biomechanik-kongress.de\/wp-content\/uploads\/sites\/26\/2025\/03\/gebaeude_tuhh-1-1-570x380.jpg 570w\" sizes=\"(max-width: 2400px) 100vw, 2400px\" \/>\t\t\t\t\t\t\t\t\t\t\t\t\t\t\t<\/div>\n\t\t\t\t<\/div>\n\t\t\t\t\t<\/div>\n\t\t<\/div>\n\t\t\t\t<div class=\"has_eae_slider elementor-column elementor-col-25 elementor-inner-column elementor-element elementor-element-2fd0a55\" data-id=\"2fd0a55\" data-element_type=\"column\">\n\t\t\t<div class=\"elementor-widget-wrap elementor-element-populated\">\n\t\t\t\t\t\t<div class=\"elementor-element elementor-element-2559187 elementor-widget elementor-widget-image\" data-id=\"2559187\" data-element_type=\"widget\" data-widget_type=\"image.default\">\n\t\t\t\t<div class=\"elementor-widget-container\">\n\t\t\t\t\t\t\t\t\t\t\t\t\t\t\t\t<a href=\"https:\/\/www.tuhh.de\/tuhh\/en\/startpage\" target=\"_blank\">\n\t\t\t\t\t\t\t<img loading=\"lazy\" decoding=\"async\" width=\"2400\" height=\"1660\" src=\"https:\/\/biomechanik-kongress.de\/wp-content\/uploads\/sites\/26\/2025\/03\/hauptgebaeude_tuhh_2.jpg\" class=\"attachment-full size-full wp-image-10958\" alt=\"\" srcset=\"https:\/\/biomechanik-kongress.de\/wp-content\/uploads\/sites\/26\/2025\/03\/hauptgebaeude_tuhh_2.jpg 2400w, https:\/\/biomechanik-kongress.de\/wp-content\/uploads\/sites\/26\/2025\/03\/hauptgebaeude_tuhh_2-300x208.jpg 300w, https:\/\/biomechanik-kongress.de\/wp-content\/uploads\/sites\/26\/2025\/03\/hauptgebaeude_tuhh_2-1024x708.jpg 1024w, https:\/\/biomechanik-kongress.de\/wp-content\/uploads\/sites\/26\/2025\/03\/hauptgebaeude_tuhh_2-1536x1062.jpg 1536w, https:\/\/biomechanik-kongress.de\/wp-content\/uploads\/sites\/26\/2025\/03\/hauptgebaeude_tuhh_2-2048x1417.jpg 2048w\" sizes=\"(max-width: 2400px) 100vw, 2400px\" \/>\t\t\t\t\t\t\t\t<\/a>\n\t\t\t\t\t\t\t\t\t\t\t\t\t\t\t<\/div>\n\t\t\t\t<\/div>\n\t\t\t\t\t<\/div>\n\t\t<\/div>\n\t\t\t\t<div class=\"has_eae_slider elementor-column elementor-col-25 elementor-inner-column elementor-element elementor-element-cfa8464\" data-id=\"cfa8464\" data-element_type=\"column\">\n\t\t\t<div class=\"elementor-widget-wrap elementor-element-populated\">\n\t\t\t\t\t\t<div class=\"elementor-element elementor-element-751fcc2 elementor-widget elementor-widget-google_maps\" data-id=\"751fcc2\" data-element_type=\"widget\" data-widget_type=\"google_maps.default\">\n\t\t\t\t<div class=\"elementor-widget-container\">\n\t\t\t\t\t\t\t<div class=\"elementor-custom-embed\">\n\t\t\t<iframe loading=\"lazy\"\n\t\t\t\t\tsrc=\"https:\/\/maps.google.com\/maps?q=Technische%20Universit%C3%A4t%20Hamburg%20Audimax%201&#038;t=m&#038;z=13&#038;output=embed&#038;iwloc=near\"\n\t\t\t\t\ttitle=\"Technische Universit\u00e4t Hamburg Audimax 1\"\n\t\t\t\t\taria-label=\"Technische Universit\u00e4t Hamburg Audimax 1\"\n\t\t\t><\/iframe>\n\t\t<\/div>\n\t\t\t\t\t\t<\/div>\n\t\t\t\t<\/div>\n\t\t\t\t\t<\/div>\n\t\t<\/div>\n\t\t\t\t\t<\/div>\n\t\t<\/section>\n\t\t\t\t\t<\/div>\n\t\t<\/div>\n\t\t\t\t\t<\/div>\n\t\t<\/section>\n\t\t\t\t<section class=\"has_eae_slider elementor-section elementor-top-section elementor-element elementor-element-5350fec elementor-section-full_width elementor-section-height-default elementor-section-height-default\" data-id=\"5350fec\" data-element_type=\"section\">\n\t\t\t\t\t\t<div class=\"elementor-container elementor-column-gap-default\">\n\t\t\t\t\t<div class=\"has_eae_slider elementor-column elementor-col-50 elementor-top-column elementor-element elementor-element-961940b\" data-id=\"961940b\" data-element_type=\"column\">\n\t\t\t<div class=\"elementor-widget-wrap elementor-element-populated\">\n\t\t\t\t\t\t<div class=\"elementor-element elementor-element-b22aaf6 elementor-widget elementor-widget-image\" data-id=\"b22aaf6\" data-element_type=\"widget\" data-widget_type=\"image.default\">\n\t\t\t\t<div class=\"elementor-widget-container\">\n\t\t\t\t\t\t\t\t\t\t\t\t\t\t\t\t<a href=\"https:\/\/www.tuhh.de\/tuhh\/en\/startpage\" target=\"_blank\">\n\t\t\t\t\t\t\t<img loading=\"lazy\" decoding=\"async\" width=\"576\" height=\"358\" src=\"https:\/\/biomechanik-kongress.de\/wp-content\/uploads\/sites\/26\/2025\/03\/tuu-logo-svetle.png\" class=\"attachment-full size-full wp-image-10897\" alt=\"\" srcset=\"https:\/\/biomechanik-kongress.de\/wp-content\/uploads\/sites\/26\/2025\/03\/tuu-logo-svetle.png 576w, https:\/\/biomechanik-kongress.de\/wp-content\/uploads\/sites\/26\/2025\/03\/tuu-logo-svetle-300x186.png 300w\" sizes=\"(max-width: 576px) 100vw, 576px\" \/>\t\t\t\t\t\t\t\t<\/a>\n\t\t\t\t\t\t\t\t\t\t\t\t\t\t\t<\/div>\n\t\t\t\t<\/div>\n\t\t\t\t\t<\/div>\n\t\t<\/div>\n\t\t\t\t<div class=\"has_eae_slider elementor-column elementor-col-50 elementor-top-column elementor-element elementor-element-2b38db8\" data-id=\"2b38db8\" data-element_type=\"column\">\n\t\t\t<div class=\"elementor-widget-wrap elementor-element-populated\">\n\t\t\t\t\t\t<div class=\"elementor-element elementor-element-0ec4a05 elementor-widget elementor-widget-image\" data-id=\"0ec4a05\" data-element_type=\"widget\" data-widget_type=\"image.default\">\n\t\t\t\t<div class=\"elementor-widget-container\">\n\t\t\t\t\t\t\t\t\t\t\t\t\t\t\t\t<a href=\"http:\/\/bio-mechanik.org\/wordpress\/en\/welcome-new\/\">\n\t\t\t\t\t\t\t<img loading=\"lazy\" decoding=\"async\" width=\"820\" height=\"296\" src=\"https:\/\/biomechanik-kongress.de\/wp-content\/uploads\/sites\/26\/2020\/08\/Logo.jpg\" class=\"attachment-full size-full wp-image-11379\" alt=\"\" srcset=\"https:\/\/biomechanik-kongress.de\/wp-content\/uploads\/sites\/26\/2020\/08\/Logo.jpg 820w, https:\/\/biomechanik-kongress.de\/wp-content\/uploads\/sites\/26\/2020\/08\/Logo-300x108.jpg 300w\" sizes=\"(max-width: 820px) 100vw, 820px\" \/>\t\t\t\t\t\t\t\t<\/a>\n\t\t\t\t\t\t\t\t\t\t\t\t\t\t\t<\/div>\n\t\t\t\t<\/div>\n\t\t\t\t\t<\/div>\n\t\t<\/div>\n\t\t\t\t\t<\/div>\n\t\t<\/section>\n\t\t\t\t<\/div>","protected":false},"excerpt":{"rendered":"<p>E-BROCHURE ABSTRAKT BOOK Welcome to the 14th Congress of the German Society for Biomechanics! Dear colleagues,We are delighted to welcome you to the 14th Congress of the German Society for Biomechanics (DGfB) at Hamburg University of Technology (TUHH). This congress brings together researchers, clinicians and industry professionals to explore cutting-edge developments in biomechanics &#8211; from&#8230;<\/p>","protected":false},"author":1,"featured_media":0,"parent":0,"menu_order":0,"comment_status":"closed","ping_status":"closed","template":"","meta":{"footnotes":"","_links_to":"","_links_to_target":""},"class_list":["post-2448","page","type-page","status-publish","hentry"],"aioseo_notices":[],"_links":{"self":[{"href":"https:\/\/biomechanik-kongress.de\/de\/wp-json\/wp\/v2\/pages\/2448","targetHints":{"allow":["GET"]}}],"collection":[{"href":"https:\/\/biomechanik-kongress.de\/de\/wp-json\/wp\/v2\/pages"}],"about":[{"href":"https:\/\/biomechanik-kongress.de\/de\/wp-json\/wp\/v2\/types\/page"}],"author":[{"embeddable":true,"href":"https:\/\/biomechanik-kongress.de\/de\/wp-json\/wp\/v2\/users\/1"}],"replies":[{"embeddable":true,"href":"https:\/\/biomechanik-kongress.de\/de\/wp-json\/wp\/v2\/comments?post=2448"}],"version-history":[{"count":1529,"href":"https:\/\/biomechanik-kongress.de\/de\/wp-json\/wp\/v2\/pages\/2448\/revisions"}],"predecessor-version":[{"id":12886,"href":"https:\/\/biomechanik-kongress.de\/de\/wp-json\/wp\/v2\/pages\/2448\/revisions\/12886"}],"wp:attachment":[{"href":"https:\/\/biomechanik-kongress.de\/de\/wp-json\/wp\/v2\/media?parent=2448"}],"curies":[{"name":"wp","href":"https:\/\/api.w.org\/{rel}","templated":true}]}}