{"id":12297,"date":"2025-11-12T09:16:33","date_gmt":"2025-11-12T09:16:33","guid":{"rendered":"https:\/\/biomechanik-kongress.de\/registration-copy\/"},"modified":"2026-02-16T11:12:30","modified_gmt":"2026-02-16T11:12:30","slug":"social-events","status":"publish","type":"page","link":"https:\/\/biomechanik-kongress.de\/de\/social-events\/","title":{"rendered":"Gesellschaftliche Veranstaltungen"},"content":{"rendered":"<div data-elementor-type=\"wp-post\" data-elementor-id=\"12297\" class=\"elementor elementor-12297\" data-elementor-post-type=\"page\">\n\t\t\t\t\t\t<section class=\"has_eae_slider elementor-section elementor-top-section elementor-element elementor-element-1df1f7a elementor-section-boxed elementor-section-height-default elementor-section-height-default\" data-id=\"1df1f7a\" data-element_type=\"section\">\n\t\t\t\t\t\t<div class=\"elementor-container elementor-column-gap-default\">\n\t\t\t\t\t<div class=\"has_eae_slider elementor-column elementor-col-100 elementor-top-column elementor-element elementor-element-3c10205\" data-id=\"3c10205\" data-element_type=\"column\">\n\t\t\t<div class=\"elementor-widget-wrap elementor-element-populated\">\n\t\t\t\t\t\t<section class=\"has_eae_slider elementor-section elementor-inner-section elementor-element elementor-element-b1cc282 elementor-section-boxed elementor-section-height-default elementor-section-height-default\" data-id=\"b1cc282\" data-element_type=\"section\">\n\t\t\t\t\t\t<div class=\"elementor-container elementor-column-gap-default\">\n\t\t\t\t\t<div class=\"has_eae_slider elementor-column elementor-col-100 elementor-inner-column elementor-element elementor-element-75f7c17\" data-id=\"75f7c17\" data-element_type=\"column\">\n\t\t\t<div class=\"elementor-widget-wrap\">\n\t\t\t\t\t\t\t<\/div>\n\t\t<\/div>\n\t\t\t\t\t<\/div>\n\t\t<\/section>\n\t\t\t\t<div class=\"elementor-element elementor-element-45c2bc5 elementor-widget elementor-widget-heading\" data-id=\"45c2bc5\" data-element_type=\"widget\" data-widget_type=\"heading.default\">\n\t\t\t\t<div class=\"elementor-widget-container\">\n\t\t\t\t\t<h2 class=\"elementor-heading-title elementor-size-default\">Sold out! Gala dinner<\/h2>\t\t\t\t<\/div>\n\t\t\t\t<\/div>\n\t\t\t\t\t<\/div>\n\t\t<\/div>\n\t\t\t\t\t<\/div>\n\t\t<\/section>\n\t\t\t\t<section class=\"has_eae_slider elementor-section elementor-top-section elementor-element elementor-element-ac09ace elementor-section-boxed elementor-section-height-default elementor-section-height-default\" data-id=\"ac09ace\" data-element_type=\"section\">\n\t\t\t\t\t\t<div class=\"elementor-container elementor-column-gap-default\">\n\t\t\t\t\t<div class=\"has_eae_slider elementor-column elementor-col-50 elementor-top-column elementor-element elementor-element-9d22abd\" data-id=\"9d22abd\" data-element_type=\"column\">\n\t\t\t<div class=\"elementor-widget-wrap elementor-element-populated\">\n\t\t\t\t\t\t<div class=\"elementor-element elementor-element-54b8a31 elementor-widget elementor-widget-text-editor\" data-id=\"54b8a31\" data-element_type=\"widget\" data-widget_type=\"text-editor.default\">\n\t\t\t\t<div class=\"elementor-widget-container\">\n\t\t\t\t\t\t\t\t\t<p><strong>Wo: MS Hanseatic, Hamburg Hafen<\/strong><br \/><strong>Wann: 19. Mars 2026 19:30- 22:30<\/strong><\/p><p>Hafen gucken geht immer - vermutlich werden wir auf einen lauen Abend am Wasser noch warten m\u00fcssen, aber am Donnerstagabend (19. M\u00e4rz) erwartet uns eine gesellige Hafenrundfahrt. <strong>Auf der MS Hanseatic<\/strong> geht es durch den n\u00f6rdlichen Teil des gr\u00f6\u00dften deutschen Seehafens mit einem j\u00e4hrlichen Warenumschlag von rund 140 Mt \u2013 darunter 1,2 Mt Rohkaffee.<br \/>Diese Lichterfahrt f\u00fchrt von den <strong>\u00dcberseebr\u00fccken<\/strong> vorbei an der historischen <strong>Speicherstadt, der Elbphilharmonie, den Landungsbr\u00fccken, dem Fischmarkt Altona, den Werften <\/strong>und dem<strong> Dockland,<\/strong> bis hin zu den m\u00e4chtigen Containerbr\u00fccken im Westen.<\/p>\t\t\t\t\t\t\t\t<\/div>\n\t\t\t\t<\/div>\n\t\t\t\t\t<\/div>\n\t\t<\/div>\n\t\t\t\t<div class=\"has_eae_slider elementor-column elementor-col-50 elementor-top-column elementor-element elementor-element-3862393\" data-id=\"3862393\" data-element_type=\"column\">\n\t\t\t<div class=\"elementor-widget-wrap elementor-element-populated\">\n\t\t\t\t\t\t<div class=\"elementor-element elementor-element-1debf4c elementor-widget elementor-widget-image\" data-id=\"1debf4c\" data-element_type=\"widget\" data-widget_type=\"image.default\">\n\t\t\t\t<div class=\"elementor-widget-container\">\n\t\t\t\t\t\t\t\t\t\t\t\t\t\t\t<img fetchpriority=\"high\" decoding=\"async\" width=\"570\" height=\"380\" src=\"https:\/\/biomechanik-kongress.de\/wp-content\/uploads\/sites\/26\/2025\/11\/Hanseatic-2-570x380.jpg\" class=\"attachment-eventalk-size3 size-eventalk-size3 wp-image-12301\" alt=\"\" srcset=\"https:\/\/biomechanik-kongress.de\/wp-content\/uploads\/sites\/26\/2025\/11\/Hanseatic-2-570x380.jpg 570w, https:\/\/biomechanik-kongress.de\/wp-content\/uploads\/sites\/26\/2025\/11\/Hanseatic-2-16x12.jpg 16w\" sizes=\"(max-width: 570px) 100vw, 570px\" \/>\t\t\t\t\t\t\t\t\t\t\t\t\t\t\t<\/div>\n\t\t\t\t<\/div>\n\t\t\t\t\t<\/div>\n\t\t<\/div>\n\t\t\t\t\t<\/div>\n\t\t<\/section>\n\t\t\t\t<section class=\"has_eae_slider elementor-section elementor-top-section elementor-element elementor-element-f216e49 elementor-section-boxed elementor-section-height-default elementor-section-height-default\" data-id=\"f216e49\" data-element_type=\"section\">\n\t\t\t\t\t\t<div class=\"elementor-container elementor-column-gap-default\">\n\t\t\t\t\t<div class=\"has_eae_slider elementor-column elementor-col-100 elementor-top-column elementor-element elementor-element-1eb90ae\" data-id=\"1eb90ae\" data-element_type=\"column\">\n\t\t\t<div class=\"elementor-widget-wrap elementor-element-populated\">\n\t\t\t\t\t\t<div class=\"elementor-element elementor-element-8173d61 elementor-widget-divider--view-line elementor-widget elementor-widget-divider\" data-id=\"8173d61\" data-element_type=\"widget\" data-widget_type=\"divider.default\">\n\t\t\t\t<div class=\"elementor-widget-container\">\n\t\t\t\t\t\t\t<div class=\"elementor-divider\">\n\t\t\t<span class=\"elementor-divider-separator\">\n\t\t\t\t\t\t<\/span>\n\t\t<\/div>\n\t\t\t\t\t\t<\/div>\n\t\t\t\t<\/div>\n\t\t\t\t\t<\/div>\n\t\t<\/div>\n\t\t\t\t\t<\/div>\n\t\t<\/section>\n\t\t\t\t<section class=\"has_eae_slider elementor-section elementor-top-section elementor-element elementor-element-eb66898 elementor-section-boxed elementor-section-height-default elementor-section-height-default\" data-id=\"eb66898\" data-element_type=\"section\">\n\t\t\t\t\t\t<div class=\"elementor-container elementor-column-gap-default\">\n\t\t\t\t\t<div class=\"has_eae_slider elementor-column elementor-col-100 elementor-top-column elementor-element elementor-element-e134859\" data-id=\"e134859\" data-element_type=\"column\">\n\t\t\t<div class=\"elementor-widget-wrap elementor-element-populated\">\n\t\t\t\t\t\t<div class=\"elementor-element elementor-element-a042d74 elementor-widget__width-initial elementor-widget elementor-widget-heading\" data-id=\"a042d74\" data-element_type=\"widget\" data-widget_type=\"heading.default\">\n\t\t\t\t<div class=\"elementor-widget-container\">\n\t\t\t\t\t<h2 class=\"elementor-heading-title elementor-size-default\">Rookies night<\/h2>\t\t\t\t<\/div>\n\t\t\t\t<\/div>\n\t\t\t\t\t<\/div>\n\t\t<\/div>\n\t\t\t\t\t<\/div>\n\t\t<\/section>\n\t\t\t\t<section class=\"has_eae_slider elementor-section elementor-top-section elementor-element elementor-element-3fce670 elementor-section-boxed elementor-section-height-default elementor-section-height-default\" data-id=\"3fce670\" data-element_type=\"section\">\n\t\t\t\t\t\t<div class=\"elementor-container elementor-column-gap-default\">\n\t\t\t\t\t<div class=\"has_eae_slider elementor-column elementor-col-50 elementor-top-column elementor-element elementor-element-e406da7\" data-id=\"e406da7\" data-element_type=\"column\">\n\t\t\t<div class=\"elementor-widget-wrap elementor-element-populated\">\n\t\t\t\t\t\t<div class=\"elementor-element elementor-element-5e7f534 elementor-widget elementor-widget-text-editor\" data-id=\"5e7f534\" data-element_type=\"widget\" data-widget_type=\"text-editor.default\">\n\t\t\t\t<div class=\"elementor-widget-container\">\n\t\t\t\t\t\t\t\t\t<p><strong>Where: Sky Lounge at the PHNX, Hannoversche Stra\u00dfe 88a, Hamburg<br \/><\/strong><strong>Wann: 18.Mars 2026 20:30-23:00<\/strong><\/p><p>Die legend\u00e4re AMTI Rookies Night findet am 18. M\u00e4rz in der Sky Lounge des PHNX statt. Euch erwartet ein unterhaltsamer Abend zum Netzwerken und Feiern.<\/p><p>Skampi wird uns dabei auf Trapp halten. Die Band covert fr\u00f6hlich bekannte Partysongs \u2013 von Schlager bis Punk. Alles knackig im Ska-Stil zum Mitsingen und Tanzen!<\/p><p>Alle, die sich wie Rookies f\u00fchlen, sind herzlich eingeladen, mit AMTI, Skampi und der DGfB zu feiern.<\/p>\t\t\t\t\t\t\t\t<\/div>\n\t\t\t\t<\/div>\n\t\t\t\t<div class=\"elementor-element elementor-element-28bc3bb elementor-widget elementor-widget-image\" data-id=\"28bc3bb\" data-element_type=\"widget\" data-widget_type=\"image.default\">\n\t\t\t\t<div class=\"elementor-widget-container\">\n\t\t\t\t\t\t\t\t\t\t\t\t\t\t\t<img decoding=\"async\" width=\"300\" height=\"229\" src=\"https:\/\/biomechanik-kongress.de\/wp-content\/uploads\/sites\/26\/2026\/01\/dgfb2026_amti-ppag-300x229.png\" class=\"attachment-medium size-medium wp-image-12582\" alt=\"\" srcset=\"https:\/\/biomechanik-kongress.de\/wp-content\/uploads\/sites\/26\/2026\/01\/dgfb2026_amti-ppag-300x229.png 300w, https:\/\/biomechanik-kongress.de\/wp-content\/uploads\/sites\/26\/2026\/01\/dgfb2026_amti-ppag-16x12.png 16w, https:\/\/biomechanik-kongress.de\/wp-content\/uploads\/sites\/26\/2026\/01\/dgfb2026_amti-ppag.png 850w\" sizes=\"(max-width: 300px) 100vw, 300px\" \/>\t\t\t\t\t\t\t\t\t\t\t\t\t\t\t<\/div>\n\t\t\t\t<\/div>\n\t\t\t\t\t<\/div>\n\t\t<\/div>\n\t\t\t\t<div class=\"has_eae_slider elementor-column elementor-col-50 elementor-top-column elementor-element elementor-element-a3bb023\" data-id=\"a3bb023\" data-element_type=\"column\">\n\t\t\t<div class=\"elementor-widget-wrap elementor-element-populated\">\n\t\t\t\t\t\t<div class=\"elementor-element elementor-element-e323005 elementor-widget elementor-widget-image\" data-id=\"e323005\" data-element_type=\"widget\" data-widget_type=\"image.default\">\n\t\t\t\t<div class=\"elementor-widget-container\">\n\t\t\t\t\t\t\t\t\t\t\t\t\t\t\t<img decoding=\"async\" width=\"570\" height=\"380\" src=\"https:\/\/biomechanik-kongress.de\/wp-content\/uploads\/sites\/26\/2025\/11\/Skampi_on_stage-570x380.jpg\" class=\"attachment-eventalk-size3 size-eventalk-size3 wp-image-12305\" alt=\"\" srcset=\"https:\/\/biomechanik-kongress.de\/wp-content\/uploads\/sites\/26\/2025\/11\/Skampi_on_stage-570x380.jpg 570w, https:\/\/biomechanik-kongress.de\/wp-content\/uploads\/sites\/26\/2025\/11\/Skampi_on_stage-300x200.jpg 300w, https:\/\/biomechanik-kongress.de\/wp-content\/uploads\/sites\/26\/2025\/11\/Skampi_on_stage-1024x683.jpg 1024w, https:\/\/biomechanik-kongress.de\/wp-content\/uploads\/sites\/26\/2025\/11\/Skampi_on_stage-1536x1024.jpg 1536w, https:\/\/biomechanik-kongress.de\/wp-content\/uploads\/sites\/26\/2025\/11\/Skampi_on_stage-2048x1366.jpg 2048w, https:\/\/biomechanik-kongress.de\/wp-content\/uploads\/sites\/26\/2025\/11\/Skampi_on_stage-18x12.jpg 18w\" sizes=\"(max-width: 570px) 100vw, 570px\" \/>\t\t\t\t\t\t\t\t\t\t\t\t\t\t\t<\/div>\n\t\t\t\t<\/div>\n\t\t\t\t\t<\/div>\n\t\t<\/div>\n\t\t\t\t\t<\/div>\n\t\t<\/section>\n\t\t\t\t<section class=\"has_eae_slider elementor-section elementor-top-section elementor-element elementor-element-9df6bf6 elementor-section-boxed elementor-section-height-default elementor-section-height-default\" data-id=\"9df6bf6\" data-element_type=\"section\">\n\t\t\t\t\t\t<div class=\"elementor-container elementor-column-gap-default\">\n\t\t\t\t\t<div class=\"has_eae_slider elementor-column elementor-col-100 elementor-top-column elementor-element elementor-element-a57a7cc\" data-id=\"a57a7cc\" data-element_type=\"column\">\n\t\t\t<div class=\"elementor-widget-wrap elementor-element-populated\">\n\t\t\t\t\t\t<div class=\"elementor-element elementor-element-1872e2d elementor-widget-divider--view-line elementor-widget elementor-widget-divider\" data-id=\"1872e2d\" data-element_type=\"widget\" data-widget_type=\"divider.default\">\n\t\t\t\t<div class=\"elementor-widget-container\">\n\t\t\t\t\t\t\t<div class=\"elementor-divider\">\n\t\t\t<span class=\"elementor-divider-separator\">\n\t\t\t\t\t\t<\/span>\n\t\t<\/div>\n\t\t\t\t\t\t<\/div>\n\t\t\t\t<\/div>\n\t\t\t\t\t<\/div>\n\t\t<\/div>\n\t\t\t\t\t<\/div>\n\t\t<\/section>\n\t\t\t\t<section class=\"has_eae_slider elementor-section elementor-top-section elementor-element elementor-element-23420b1 elementor-section-boxed elementor-section-height-default elementor-section-height-default\" data-id=\"23420b1\" data-element_type=\"section\">\n\t\t\t\t\t\t<div class=\"elementor-container elementor-column-gap-default\">\n\t\t\t\t\t<div class=\"has_eae_slider elementor-column elementor-col-100 elementor-top-column elementor-element elementor-element-5fe8f8b\" data-id=\"5fe8f8b\" data-element_type=\"column\">\n\t\t\t<div class=\"elementor-widget-wrap elementor-element-populated\">\n\t\t\t\t\t\t<div class=\"elementor-element elementor-element-8353532 elementor-align-center elementor-widget elementor-widget-button\" data-id=\"8353532\" data-element_type=\"widget\" data-settings=\"{&quot;_animation&quot;:&quot;none&quot;}\" data-widget_type=\"button.default\">\n\t\t\t\t<div class=\"elementor-widget-container\">\n\t\t\t\t\t\t\t\t\t<div class=\"elementor-button-wrapper\">\n\t\t\t\t\t<a class=\"elementor-button elementor-button-link elementor-size-xl elementor-animation-grow\" href=\"https:\/\/www.conftool.com\/dgfb2026\/index.php?page=login\" target=\"_blank\">\n\t\t\t\t\t\t<span class=\"elementor-button-content-wrapper\">\n\t\t\t\t\t\t\t\t\t<span class=\"elementor-button-text\">HIER REGISTRIEREN<\/span>\n\t\t\t\t\t<\/span>\n\t\t\t\t\t<\/a>\n\t\t\t\t<\/div>\n\t\t\t\t\t\t\t\t<\/div>\n\t\t\t\t<\/div>\n\t\t\t\t\t<\/div>\n\t\t<\/div>\n\t\t\t\t\t<\/div>\n\t\t<\/section>\n\t\t\t\t<\/div>","protected":false},"excerpt":{"rendered":"<p>Sold out! Gala dinner Where: MS Hanseatic, Hamburg HarbourWhen: 19th March 2026 19:30- 22:30 Watching the Port of Hamburg is always fun \u2013 we\u2019ll probably have to wait a while longer for a balmy evening by the water, but we can look forward to a pleasant harbor cruise on Thursday evening. The MS Hanseatic will&#8230;<\/p>","protected":false},"author":2,"featured_media":0,"parent":0,"menu_order":0,"comment_status":"closed","ping_status":"closed","template":"","meta":{"footnotes":"","_links_to":"","_links_to_target":""},"class_list":["post-12297","page","type-page","status-publish","hentry"],"aioseo_notices":[],"_links":{"self":[{"href":"https:\/\/biomechanik-kongress.de\/de\/wp-json\/wp\/v2\/pages\/12297","targetHints":{"allow":["GET"]}}],"collection":[{"href":"https:\/\/biomechanik-kongress.de\/de\/wp-json\/wp\/v2\/pages"}],"about":[{"href":"https:\/\/biomechanik-kongress.de\/de\/wp-json\/wp\/v2\/types\/page"}],"author":[{"embeddable":true,"href":"https:\/\/biomechanik-kongress.de\/de\/wp-json\/wp\/v2\/users\/2"}],"replies":[{"embeddable":true,"href":"https:\/\/biomechanik-kongress.de\/de\/wp-json\/wp\/v2\/comments?post=12297"}],"version-history":[{"count":28,"href":"https:\/\/biomechanik-kongress.de\/de\/wp-json\/wp\/v2\/pages\/12297\/revisions"}],"predecessor-version":[{"id":12670,"href":"https:\/\/biomechanik-kongress.de\/de\/wp-json\/wp\/v2\/pages\/12297\/revisions\/12670"}],"wp:attachment":[{"href":"https:\/\/biomechanik-kongress.de\/de\/wp-json\/wp\/v2\/media?parent=12297"}],"curies":[{"name":"wp","href":"https:\/\/api.w.org\/{rel}","templated":true}]}}