{"id":12005,"date":"2025-08-28T08:17:21","date_gmt":"2025-08-28T08:17:21","guid":{"rendered":"https:\/\/biomechanik-kongress.de\/?page_id=12005"},"modified":"2026-01-30T08:08:25","modified_gmt":"2026-01-30T08:08:25","slug":"gamma-workshop","status":"publish","type":"page","link":"https:\/\/biomechanik-kongress.de\/de\/gamma-workshop\/","title":{"rendered":"GAMMA Workshop"},"content":{"rendered":"<div data-elementor-type=\"wp-page\" data-elementor-id=\"12005\" class=\"elementor elementor-12005\" data-elementor-post-type=\"page\">\n\t\t\t\t\t\t<section class=\"has_eae_slider elementor-section elementor-top-section elementor-element elementor-element-4ec216b elementor-section-boxed elementor-section-height-default elementor-section-height-default\" data-id=\"4ec216b\" data-element_type=\"section\">\n\t\t\t\t\t\t<div class=\"elementor-container elementor-column-gap-default\">\n\t\t\t\t\t<div class=\"has_eae_slider elementor-column elementor-col-100 elementor-top-column elementor-element elementor-element-d763ca0\" data-id=\"d763ca0\" data-element_type=\"column\">\n\t\t\t<div class=\"elementor-widget-wrap elementor-element-populated\">\n\t\t\t\t\t\t<div class=\"elementor-element elementor-element-d963506 elementor-widget elementor-widget-text-editor\" data-id=\"d963506\" data-element_type=\"widget\" data-widget_type=\"text-editor.default\">\n\t\t\t\t<div class=\"elementor-widget-container\">\n\t\t\t\t\t\t\t\t\t<h3><strong>GAMMA Workshop 18.3. 2026 09:00- 13:00 Ditze H\u00f6rsaal<\/strong><\/h3>\t\t\t\t\t\t\t\t<\/div>\n\t\t\t\t<\/div>\n\t\t\t\t\t<\/div>\n\t\t<\/div>\n\t\t\t\t\t<\/div>\n\t\t<\/section>\n\t\t\t\t<section class=\"has_eae_slider elementor-section elementor-top-section elementor-element elementor-element-fcb50e9 elementor-section-boxed elementor-section-height-default elementor-section-height-default\" data-id=\"fcb50e9\" data-element_type=\"section\">\n\t\t\t\t\t\t<div class=\"elementor-container elementor-column-gap-default\">\n\t\t\t\t\t<div class=\"has_eae_slider elementor-column elementor-col-100 elementor-top-column elementor-element elementor-element-f438126\" data-id=\"f438126\" data-element_type=\"column\">\n\t\t\t<div class=\"elementor-widget-wrap elementor-element-populated\">\n\t\t\t\t\t\t<div class=\"elementor-element elementor-element-3ff8590 elementor-widget elementor-widget-image\" data-id=\"3ff8590\" data-element_type=\"widget\" data-no-translation=\"\" data-widget_type=\"image.default\">\n\t\t\t\t<div class=\"elementor-widget-container\">\n\t\t\t\t\t\t\t\t\t\t\t\t\t\t\t<img fetchpriority=\"high\" decoding=\"async\" width=\"912\" height=\"375\" src=\"https:\/\/biomechanik-kongress.de\/wp-content\/uploads\/sites\/26\/2025\/12\/gamma-part-1-German-1.png\" class=\"attachment-large size-large wp-image-12494\" alt=\"\" srcset=\"https:\/\/biomechanik-kongress.de\/wp-content\/uploads\/sites\/26\/2025\/12\/gamma-part-1-German-1.png 912w, https:\/\/biomechanik-kongress.de\/wp-content\/uploads\/sites\/26\/2025\/12\/gamma-part-1-German-1-300x123.png 300w, https:\/\/biomechanik-kongress.de\/wp-content\/uploads\/sites\/26\/2025\/12\/gamma-part-1-German-1-18x7.png 18w\" sizes=\"(max-width: 912px) 100vw, 912px\" \/>\t\t\t\t\t\t\t\t\t\t\t\t\t\t\t<\/div>\n\t\t\t\t<\/div>\n\t\t\t\t\t<\/div>\n\t\t<\/div>\n\t\t\t\t\t<\/div>\n\t\t<\/section>\n\t\t\t\t<section class=\"has_eae_slider elementor-section elementor-top-section elementor-element elementor-element-db243ec elementor-section-boxed elementor-section-height-default elementor-section-height-default\" data-id=\"db243ec\" data-element_type=\"section\">\n\t\t\t\t\t\t<div class=\"elementor-container elementor-column-gap-default\">\n\t\t\t\t\t<div class=\"has_eae_slider elementor-column elementor-col-100 elementor-top-column elementor-element elementor-element-1615417\" data-id=\"1615417\" data-element_type=\"column\">\n\t\t\t<div class=\"elementor-widget-wrap\">\n\t\t\t\t\t\t\t<\/div>\n\t\t<\/div>\n\t\t\t\t\t<\/div>\n\t\t<\/section>\n\t\t\t\t<section class=\"has_eae_slider elementor-section elementor-top-section elementor-element elementor-element-7e6550f elementor-section-boxed elementor-section-height-default elementor-section-height-default\" data-id=\"7e6550f\" data-element_type=\"section\">\n\t\t\t\t\t\t<div class=\"elementor-container elementor-column-gap-default\">\n\t\t\t\t\t<div class=\"has_eae_slider elementor-column elementor-col-100 elementor-top-column elementor-element elementor-element-6e9eff7\" data-id=\"6e9eff7\" data-element_type=\"column\">\n\t\t\t<div class=\"elementor-widget-wrap elementor-element-populated\">\n\t\t\t\t\t\t<div class=\"elementor-element elementor-element-b6a9d43 elementor-widget elementor-widget-image\" data-id=\"b6a9d43\" data-element_type=\"widget\" data-no-translation=\"\" data-widget_type=\"image.default\">\n\t\t\t\t<div class=\"elementor-widget-container\">\n\t\t\t\t\t<style>.elementor-element-b6a9d43{display:none !important}<\/style>\t\t\t\t<\/div>\n\t\t\t\t<\/div>\n\t\t\t\t<div class=\"elementor-element elementor-element-55f526c elementor-widget__width-initial elementor-widget elementor-widget-image\" data-id=\"55f526c\" data-element_type=\"widget\" data-no-translation=\"\" data-widget_type=\"image.default\">\n\t\t\t\t<div class=\"elementor-widget-container\">\n\t\t\t\t\t\t\t\t\t\t\t\t\t\t\t<img decoding=\"async\" width=\"820\" height=\"574\" src=\"https:\/\/biomechanik-kongress.de\/wp-content\/uploads\/sites\/26\/2026\/01\/Gamma-2-german.png\" class=\"attachment-large size-large wp-image-12609\" alt=\"\" srcset=\"https:\/\/biomechanik-kongress.de\/wp-content\/uploads\/sites\/26\/2026\/01\/Gamma-2-german.png 820w, https:\/\/biomechanik-kongress.de\/wp-content\/uploads\/sites\/26\/2026\/01\/Gamma-2-german-300x210.png 300w, https:\/\/biomechanik-kongress.de\/wp-content\/uploads\/sites\/26\/2026\/01\/Gamma-2-german-18x12.png 18w\" sizes=\"(max-width: 820px) 100vw, 820px\" \/>\t\t\t\t\t\t\t\t\t\t\t\t\t\t\t<\/div>\n\t\t\t\t<\/div>\n\t\t\t\t\t<\/div>\n\t\t<\/div>\n\t\t\t\t\t<\/div>\n\t\t<\/section>\n\t\t\t\t<section class=\"has_eae_slider elementor-section elementor-top-section elementor-element elementor-element-91b34d5 elementor-section-boxed elementor-section-height-default elementor-section-height-default\" data-id=\"91b34d5\" data-element_type=\"section\">\n\t\t\t\t\t\t<div class=\"elementor-container elementor-column-gap-default\">\n\t\t\t\t\t<div class=\"has_eae_slider elementor-column elementor-col-100 elementor-top-column elementor-element elementor-element-6b8dfbc\" data-id=\"6b8dfbc\" data-element_type=\"column\">\n\t\t\t<div class=\"elementor-widget-wrap elementor-element-populated\">\n\t\t\t\t\t\t<div class=\"elementor-element elementor-element-6bd9d5f elementor-widget elementor-widget-image\" data-id=\"6bd9d5f\" data-element_type=\"widget\" data-no-translation=\"\" data-widget_type=\"image.default\">\n\t\t\t\t<div class=\"elementor-widget-container\">\n\t\t\t\t\t<style>.elementor-element-6bd9d5f{display:none !important}<\/style>\t\t\t\t<\/div>\n\t\t\t\t<\/div>\n\t\t\t\t\t<\/div>\n\t\t<\/div>\n\t\t\t\t\t<\/div>\n\t\t<\/section>\n\t\t\t\t<section class=\"has_eae_slider elementor-section elementor-top-section elementor-element elementor-element-5bdbd73 elementor-section-boxed elementor-section-height-default elementor-section-height-default\" data-id=\"5bdbd73\" data-element_type=\"section\">\n\t\t\t\t\t\t<div class=\"elementor-container elementor-column-gap-default\">\n\t\t\t\t\t<div class=\"has_eae_slider elementor-column elementor-col-100 elementor-top-column elementor-element elementor-element-e525040\" data-id=\"e525040\" data-element_type=\"column\">\n\t\t\t<div class=\"elementor-widget-wrap elementor-element-populated\">\n\t\t\t\t\t\t<div class=\"elementor-element elementor-element-8257e51 elementor-widget elementor-widget-text-editor\" data-id=\"8257e51\" data-element_type=\"widget\" data-no-translation=\"\" data-widget_type=\"text-editor.default\">\n\t\t\t\t<div class=\"elementor-widget-container\">\n\t\t\t\t\t<style>.elementor-element-8257e51{display:none !important}<\/style>\t\t\t\t<\/div>\n\t\t\t\t<\/div>\n\t\t\t\t\t<\/div>\n\t\t<\/div>\n\t\t\t\t\t<\/div>\n\t\t<\/section>\n\t\t\t\t<section class=\"has_eae_slider elementor-section elementor-top-section elementor-element elementor-element-4d1f07b elementor-section-boxed elementor-section-height-default elementor-section-height-default\" data-id=\"4d1f07b\" data-element_type=\"section\">\n\t\t\t\t\t\t<div class=\"elementor-container elementor-column-gap-default\">\n\t\t\t\t\t<div class=\"has_eae_slider elementor-column elementor-col-100 elementor-top-column elementor-element elementor-element-2b7f29f\" data-id=\"2b7f29f\" data-element_type=\"column\">\n\t\t\t<div class=\"elementor-widget-wrap elementor-element-populated\">\n\t\t\t\t\t\t<div class=\"elementor-element elementor-element-7f05d23 elementor-widget elementor-widget-text-editor\" data-id=\"7f05d23\" data-element_type=\"widget\" data-no-translation=\"\" data-widget_type=\"text-editor.default\">\n\t\t\t\t<div class=\"elementor-widget-container\">\n\t\t\t\t\t\t\t\t\t<div class=\"elementor-price-list-text\"><div class=\"elementor-price-list-header\"><div class=\"elementor-price-list-text\"><h6>GAMMA Workshop ohne Tagungsteilnahme*\u20ac60<br \/>GAMMA Workshop mit Tagungsteilnahme*\u20ac30<\/h6><h6>*<em>Mitglieder der GAMMA k\u00f6nnen sich kostenlos zum GAMMA Workshop anmelden. Die Geb\u00fchren werden durch ihre Gesellschaft \u00fcbernommen.\u00a0<\/em><\/h6><\/div><\/div><\/div>\t\t\t\t\t\t\t\t<\/div>\n\t\t\t\t<\/div>\n\t\t\t\t\t<\/div>\n\t\t<\/div>\n\t\t\t\t\t<\/div>\n\t\t<\/section>\n\t\t\t\t<\/div>","protected":false},"excerpt":{"rendered":"<p>GAMMA workshop 18th March 2026 09:00 AM- 13:00 PM at Ditze-Hall GAMMA Workshop only* \u20ac60GAMMA Workshop for registered participants* \u20ac30 *Members of GAMMA may participate free of charge on the GAMMA Workshop. The fees will be covered by their society.\u00a0 GAMMA Workshop ohne Tagungsteilnahme*\u20ac60GAMMA Workshop mit Tagungsteilnahme*\u20ac30 *Mitglieder der GAMMA k\u00f6nnen sich kostenlos zum GAMMA&#8230;<\/p>","protected":false},"author":2,"featured_media":0,"parent":0,"menu_order":0,"comment_status":"closed","ping_status":"closed","template":"","meta":{"footnotes":"","_links_to":"","_links_to_target":""},"class_list":["post-12005","page","type-page","status-publish","hentry"],"aioseo_notices":[],"_links":{"self":[{"href":"https:\/\/biomechanik-kongress.de\/de\/wp-json\/wp\/v2\/pages\/12005","targetHints":{"allow":["GET"]}}],"collection":[{"href":"https:\/\/biomechanik-kongress.de\/de\/wp-json\/wp\/v2\/pages"}],"about":[{"href":"https:\/\/biomechanik-kongress.de\/de\/wp-json\/wp\/v2\/types\/page"}],"author":[{"embeddable":true,"href":"https:\/\/biomechanik-kongress.de\/de\/wp-json\/wp\/v2\/users\/2"}],"replies":[{"embeddable":true,"href":"https:\/\/biomechanik-kongress.de\/de\/wp-json\/wp\/v2\/comments?post=12005"}],"version-history":[{"count":79,"href":"https:\/\/biomechanik-kongress.de\/de\/wp-json\/wp\/v2\/pages\/12005\/revisions"}],"predecessor-version":[{"id":12612,"href":"https:\/\/biomechanik-kongress.de\/de\/wp-json\/wp\/v2\/pages\/12005\/revisions\/12612"}],"wp:attachment":[{"href":"https:\/\/biomechanik-kongress.de\/de\/wp-json\/wp\/v2\/media?parent=12005"}],"curies":[{"name":"wp","href":"https:\/\/api.w.org\/{rel}","templated":true}]}}